{"id":917,"date":"2021-06-09T20:01:31","date_gmt":"2021-06-09T18:01:31","guid":{"rendered":"http:\/\/chili.rbit.se\/?post_type=product&#038;p=917"},"modified":"2021-06-09T20:01:31","modified_gmt":"2021-06-09T18:01:31","slug":"virginia-gold","status":"publish","type":"product","link":"https:\/\/chili.rbit.se\/index.php\/produkt\/virginia-gold\/","title":{"rendered":"Virginia gold"},"content":{"rendered":"","protected":false},"excerpt":{"rendered":"<p>Virginia Gold \u00e4r v\u00e4lk\u00e4nd och g\u00e5r tillbaka \u00f6ver 50 \u00e5r i tiden. Den v\u00e4xer till en h\u00f6jd av 213cm med l\u00e5g sockerhalt. De ljusgr\u00f6na bladen \u00e4r fr\u00e5n 35 till 45cm breda och 60 till 76cm l\u00e5nga och blir ljusgula n\u00e4r de \u00e4r mogna. V\u00e4xterna producerar i genomsnitt 18 blad per planta. Mogen f\u00f6r sk\u00f6rd efter 55 dagar.<\/p>\n<p>En av v\u00e4rldens mest k\u00e4nda och popul\u00e4raste tobakssorter.<br \/>\nSorten togs fram i slutet p\u00e5 60-talet och ing\u00e5r i en m\u00e4ngd<br \/>\nk\u00e4nda tobaksblandningar.<br \/>\nV\u00e4xer med ljusgr\u00f6na blad som blir ljusgula n\u00e4r de mognar.<\/p>\n<p>Anv\u00e4nds oftast som en tobaksmixer av pip och cigarettobak,<br \/>\nmen passar \u00e4ven bra som en ren Virginiatobak.<br \/>\nPassar \u00e4ven i snusblandningar.<\/p>\n<p>Plantinformation:<\/p>\n<p>Plantform: Pyramid<br \/>\nPlanth\u00f6jd: 1,5-2 meter<br \/>\nAntal blad: 18 blad<br \/>\nRek toppning: 14-16 blad<br \/>\nBladstorlek: 35-45 x 60-75 cm<br \/>\nDag till blommor:<br \/>\nDag till mognad:  55-60 dagar. (Vid odling i Sverige)<br \/>\nBer\u00e4knad avkastning: 94-106 g torkad tobak per planta<br \/>\nSockerhalt: L\u00e5g<br \/>\nTyp: Ljus<br \/>\nNikotinhalt: Medel<br \/>\nKorsning:<br \/>\nResistens:<\/p>\n","protected":false},"featured_media":918,"comment_status":"open","ping_status":"closed","template":"","meta":[],"product_cat":[37,38,39,34],"product_tag":[],"_links":{"self":[{"href":"https:\/\/chili.rbit.se\/index.php\/wp-json\/wp\/v2\/product\/917"}],"collection":[{"href":"https:\/\/chili.rbit.se\/index.php\/wp-json\/wp\/v2\/product"}],"about":[{"href":"https:\/\/chili.rbit.se\/index.php\/wp-json\/wp\/v2\/types\/product"}],"replies":[{"embeddable":true,"href":"https:\/\/chili.rbit.se\/index.php\/wp-json\/wp\/v2\/comments?post=917"}],"wp:featuredmedia":[{"embeddable":true,"href":"https:\/\/chili.rbit.se\/index.php\/wp-json\/wp\/v2\/media\/918"}],"wp:attachment":[{"href":"https:\/\/chili.rbit.se\/index.php\/wp-json\/wp\/v2\/media?parent=917"}],"wp:term":[{"taxonomy":"product_cat","embeddable":true,"href":"https:\/\/chili.rbit.se\/index.php\/wp-json\/wp\/v2\/product_cat?post=917"},{"taxonomy":"product_tag","embeddable":true,"href":"https:\/\/chili.rbit.se\/index.php\/wp-json\/wp\/v2\/product_tag?post=917"}],"curies":[{"name":"wp","href":"https:\/\/api.w.org\/{rel}","templated":true}]}}