{"id":913,"date":"2021-06-09T19:48:59","date_gmt":"2021-06-09T17:48:59","guid":{"rendered":"http:\/\/chili.rbit.se\/?post_type=product&#038;p=913"},"modified":"2021-06-09T19:48:59","modified_gmt":"2021-06-09T17:48:59","slug":"monte-calme-brun","status":"publish","type":"product","link":"https:\/\/chili.rbit.se\/index.php\/produkt\/monte-calme-brun\/","title":{"rendered":"Monte Calme Brun"},"content":{"rendered":"","protected":false},"excerpt":{"rendered":"<p>Detta \u00e4r en mycket omtyckt tobak hos hobbyodlare dels f\u00f6r att den<br \/>\nvisat sig ha motst\u00e5ndskraft mot b\u00e5de Svartrot r\u00f6ta och<br \/>\nPotatisvirus (PVY). Det \u00e4r en av mycket f\u00e5 Cigarr wrapper<br \/>\nsorterna av m\u00f6rkare typ som har denna egenskap.<br \/>\nPlantan blir ungef\u00e4r 150-180cm h\u00f6g med 19 blad som varierar<br \/>\nmellan 16 &#8211; 23cm breda och 36-50cm l\u00e5nga.<br \/>\nTobaken \u00e4r mycket bra som komponent i de flesta<br \/>\ntobaksblandningar (cigarr, pipa, cigarett, tuggtobak och snus).<br \/>\nAvkastningen hos denna variant ber\u00e4knas normalt p\u00e5 sk\u00f6rdevikt<br \/>\nmen motsvarar ca:80g\/planta. Nikotinhalten i torra l\u00f6v varierar<br \/>\nmellan 1,2-2,0mg\/g tobak medans Nornicotine niv\u00e5n f\u00f6re beredning<br \/>\nvarierat mellan 0,2 och 0,3mg\/g tobak (en siffra som varierar mer<br \/>\nberoende p\u00e5 torkningsmetod).<\/p>\n<p>Tillh\u00f6r Familj:<br \/>\nSolanaceae, Nattskate familjen<\/p>\n<p>Art:<br \/>\nNicotiana, Nicotiana Tabacum L<\/p>\n<p>Notering:<br \/>\nK\u00e4nslig f\u00f6r kyla s\u00e5 de b\u00f6r inte s\u00e4ttas ut f\u00f6r tidigt.<\/p>\n<p>Tillh\u00f6r kategorin:<br \/>\nDark Air Cured<\/p>\n<p>Anv\u00e4ndningsomr\u00e5de:<br \/>\nCigarrer, piptobak, cigaretter, tuggtobak och snus<\/p>\n<p>Plantinformation:<br \/>\nPlantform: Pyramid<br \/>\nPlanth\u00f6jd: 150-180 cm (vid odling i Sverige)<br \/>\nAntal blad: 19 blad<br \/>\nRek toppning: 18 blad<br \/>\nBladstorlek: 16-23 x 36-50 cm<br \/>\nDag till blommor: 55 dagar (efter utplantering i Sverige)<br \/>\nVit-Rosa blommor<br \/>\nDag till mognad: 65-70 dagar. (Vid odling i Sverige)<br \/>\nBer\u00e4knad avkastning: 80-90 gram torkad tobak per planta<br \/>\n(vid odling p\u00e5 friland)<br \/>\nSockerhalt: L\u00e5g<br \/>\nTyp: Medelm\u00f6rk<br \/>\nNikotinahalt: H\u00f6g<\/p>\n","protected":false},"featured_media":914,"comment_status":"open","ping_status":"closed","template":"","meta":[],"product_cat":[38,41,39,34],"product_tag":[],"_links":{"self":[{"href":"https:\/\/chili.rbit.se\/index.php\/wp-json\/wp\/v2\/product\/913"}],"collection":[{"href":"https:\/\/chili.rbit.se\/index.php\/wp-json\/wp\/v2\/product"}],"about":[{"href":"https:\/\/chili.rbit.se\/index.php\/wp-json\/wp\/v2\/types\/product"}],"replies":[{"embeddable":true,"href":"https:\/\/chili.rbit.se\/index.php\/wp-json\/wp\/v2\/comments?post=913"}],"wp:featuredmedia":[{"embeddable":true,"href":"https:\/\/chili.rbit.se\/index.php\/wp-json\/wp\/v2\/media\/914"}],"wp:attachment":[{"href":"https:\/\/chili.rbit.se\/index.php\/wp-json\/wp\/v2\/media?parent=913"}],"wp:term":[{"taxonomy":"product_cat","embeddable":true,"href":"https:\/\/chili.rbit.se\/index.php\/wp-json\/wp\/v2\/product_cat?post=913"},{"taxonomy":"product_tag","embeddable":true,"href":"https:\/\/chili.rbit.se\/index.php\/wp-json\/wp\/v2\/product_tag?post=913"}],"curies":[{"name":"wp","href":"https:\/\/api.w.org\/{rel}","templated":true}]}}