{"id":890,"date":"2021-06-06T21:19:22","date_gmt":"2021-06-06T19:19:22","guid":{"rendered":"http:\/\/chili.rbit.se\/?post_type=product&#038;p=890"},"modified":"2021-06-06T21:56:07","modified_gmt":"2021-06-06T19:56:07","slug":"little-dutch","status":"publish","type":"product","link":"https:\/\/chili.rbit.se\/index.php\/produkt\/little-dutch\/","title":{"rendered":"Little Dutch"},"content":{"rendered":"","protected":false},"excerpt":{"rendered":"<p>Little Dutch \u00e4r en mycket gammal sort som h\u00e4ngt med i m\u00e5nga generationer \u00e4nda fr\u00e5n 1880-talet. En s\u00f6t aromatisk tobak som anv\u00e4nds i piptobaksblandningar och som inlaga till cigarrer. Plantan blir ca 92cm h\u00f6g och har smala blad som blir 76cm l\u00e5nga. De l\u00e5nga smala bladen \u00e4r ocks\u00e5 utm\u00e4rkta som omslag till cigarrer. Bladen \u00e4r mogna f\u00f6r sk\u00f6rd redan efter 45dagar och \u00e4r ett utm\u00e4rkt val f\u00f6r krukodling.<\/p>\n<p>&#039;Little Dutch&#039; tobacco plants grow to about three feet in height. It is very early maturing and because of its compact size, is a good choice for container gardening. Its leaves are very long and narrow and once properly cured and fermented, have a distinctive, sweet aroma said to resemble &#039;Yara&#039; tobacco grown in Eastern Cuba.[1]<\/p>\n<p>Primarily used in pipe blends and as binders and fillers for cigars. &#039;Little Dutch&#039; was once very popular in the Miami Valley of Ohio, and to a limited extent in Pennsylvania,[1] but has long been dropped from commercial production.<\/p>\n<p>An old heirloom variety predating the 1880&#8217;s rumored to have come from Germany. A somewhat squat plant like the Zimmerman Spanish, growing about 4 feet tall, it stands up in the garden well without staking, and also does very well in tubs for growers with small amounts of space, probably one of the best we have tried at growing in pots.<br \/>\nI consider this the best tobacco for cigar wrapper leaf, or at least tied with Small Stalk Black Mammoth. The long, narrow, thick leaves are perfect for wrapping, and color well as they age.<\/p>\n","protected":false},"featured_media":891,"comment_status":"open","ping_status":"closed","template":"","meta":[],"product_cat":[40,41,39,34],"product_tag":[],"_links":{"self":[{"href":"https:\/\/chili.rbit.se\/index.php\/wp-json\/wp\/v2\/product\/890"}],"collection":[{"href":"https:\/\/chili.rbit.se\/index.php\/wp-json\/wp\/v2\/product"}],"about":[{"href":"https:\/\/chili.rbit.se\/index.php\/wp-json\/wp\/v2\/types\/product"}],"replies":[{"embeddable":true,"href":"https:\/\/chili.rbit.se\/index.php\/wp-json\/wp\/v2\/comments?post=890"}],"wp:featuredmedia":[{"embeddable":true,"href":"https:\/\/chili.rbit.se\/index.php\/wp-json\/wp\/v2\/media\/891"}],"wp:attachment":[{"href":"https:\/\/chili.rbit.se\/index.php\/wp-json\/wp\/v2\/media?parent=890"}],"wp:term":[{"taxonomy":"product_cat","embeddable":true,"href":"https:\/\/chili.rbit.se\/index.php\/wp-json\/wp\/v2\/product_cat?post=890"},{"taxonomy":"product_tag","embeddable":true,"href":"https:\/\/chili.rbit.se\/index.php\/wp-json\/wp\/v2\/product_tag?post=890"}],"curies":[{"name":"wp","href":"https:\/\/api.w.org\/{rel}","templated":true}]}}