{"id":840,"date":"2021-05-11T21:45:21","date_gmt":"2021-05-11T19:45:21","guid":{"rendered":"http:\/\/chili.rbit.se\/?post_type=product&#038;p=840"},"modified":"2021-10-22T09:09:26","modified_gmt":"2021-10-22T07:09:26","slug":"black-sea-samsun","status":"publish","type":"product","link":"https:\/\/chili.rbit.se\/index.php\/produkt\/black-sea-samsun\/","title":{"rendered":"Black Sea Samsun"},"content":{"rendered":"","protected":false},"excerpt":{"rendered":"<p>H\u00f6jd: 120-150 cm<\/p>\n<p>TA55 Black Sea Samsun h\u00e4rstammar fr\u00e5n Samsun-regionen i Turkiet n\u00e4ra Svarta havet. Den \u00e4r prisas f\u00f6r sin rika smak och arom som \u00e4nd\u00e5 \u00e4r mild att r\u00f6ka. Den v\u00e4xer till en h\u00f6jd av 120-150 cm. Mognar f\u00f6r sk\u00f6rd p\u00e5 65-70 dagar och soltorkas oftast. En utm\u00e4rkt blandning f\u00f6r cigaretter eller pipa eller som den \u00e4r.<\/p>\n<p>This Turkish tobacco is among the best money can buy. Originating in the Samsun region of Turkey, along the Black Sea, this tobacco is renowned for its unique rich flavor. This plant has smaller leaves than other strains, but a very distinctive aroma. An excellent Turkish blend or unique by itself.<\/p>\n","protected":false},"featured_media":841,"comment_status":"open","ping_status":"closed","template":"","meta":[],"product_cat":[38,35,39,34],"product_tag":[],"_links":{"self":[{"href":"https:\/\/chili.rbit.se\/index.php\/wp-json\/wp\/v2\/product\/840"}],"collection":[{"href":"https:\/\/chili.rbit.se\/index.php\/wp-json\/wp\/v2\/product"}],"about":[{"href":"https:\/\/chili.rbit.se\/index.php\/wp-json\/wp\/v2\/types\/product"}],"replies":[{"embeddable":true,"href":"https:\/\/chili.rbit.se\/index.php\/wp-json\/wp\/v2\/comments?post=840"}],"wp:featuredmedia":[{"embeddable":true,"href":"https:\/\/chili.rbit.se\/index.php\/wp-json\/wp\/v2\/media\/841"}],"wp:attachment":[{"href":"https:\/\/chili.rbit.se\/index.php\/wp-json\/wp\/v2\/media?parent=840"}],"wp:term":[{"taxonomy":"product_cat","embeddable":true,"href":"https:\/\/chili.rbit.se\/index.php\/wp-json\/wp\/v2\/product_cat?post=840"},{"taxonomy":"product_tag","embeddable":true,"href":"https:\/\/chili.rbit.se\/index.php\/wp-json\/wp\/v2\/product_tag?post=840"}],"curies":[{"name":"wp","href":"https:\/\/api.w.org\/{rel}","templated":true}]}}