{"id":782,"date":"2017-11-04T11:32:18","date_gmt":"2017-11-04T10:32:18","guid":{"rendered":"http:\/\/tergum.se\/chili\/?post_type=product&#038;p=782"},"modified":"2022-03-18T04:09:26","modified_gmt":"2022-03-18T03:09:26","slug":"yaki-blue-fawn","status":"publish","type":"product","link":"https:\/\/chili.rbit.se\/index.php\/produkt\/yaki-blue-fawn\/","title":{"rendered":"Yaki Blue Fawn"},"content":{"rendered":"<p>Yaki Blue Fawn \u00e4r en s\u00e4llsynt mycket trevlig sort som \u00e4r en korsning mellan Bhut Jolokia och Filius Blue. Omogna frukter \u00e4r lila och mogna r\u00f6dbruna.<\/p>\n","protected":false},"excerpt":{"rendered":"<p>Fr\u00f6n fr\u00e5n: Stickans chili 2018<br \/>\n\u00c5r: 2017<br \/>\nAnv\u00e4ndningsomr\u00e5de:<br \/>\nSl\u00e4kte: Capsicum chinense<br \/>\nScoville:<br \/>\nStyrka: mycket het<br \/>\nFrukt:<br \/>\nH\u00f6jd:<br \/>\nKrukstorlek f\u00f6rsta \u00e5ret:<br \/>\nKrukstorlek andra \u00e5ret:<\/p>\n","protected":false},"featured_media":783,"comment_status":"open","ping_status":"closed","template":"","meta":[],"product_cat":[20,24,29,32],"product_tag":[],"_links":{"self":[{"href":"https:\/\/chili.rbit.se\/index.php\/wp-json\/wp\/v2\/product\/782"}],"collection":[{"href":"https:\/\/chili.rbit.se\/index.php\/wp-json\/wp\/v2\/product"}],"about":[{"href":"https:\/\/chili.rbit.se\/index.php\/wp-json\/wp\/v2\/types\/product"}],"replies":[{"embeddable":true,"href":"https:\/\/chili.rbit.se\/index.php\/wp-json\/wp\/v2\/comments?post=782"}],"wp:featuredmedia":[{"embeddable":true,"href":"https:\/\/chili.rbit.se\/index.php\/wp-json\/wp\/v2\/media\/783"}],"wp:attachment":[{"href":"https:\/\/chili.rbit.se\/index.php\/wp-json\/wp\/v2\/media?parent=782"}],"wp:term":[{"taxonomy":"product_cat","embeddable":true,"href":"https:\/\/chili.rbit.se\/index.php\/wp-json\/wp\/v2\/product_cat?post=782"},{"taxonomy":"product_tag","embeddable":true,"href":"https:\/\/chili.rbit.se\/index.php\/wp-json\/wp\/v2\/product_tag?post=782"}],"curies":[{"name":"wp","href":"https:\/\/api.w.org\/{rel}","templated":true}]}}