{"id":780,"date":"2017-11-04T11:26:42","date_gmt":"2017-11-04T10:26:42","guid":{"rendered":"http:\/\/tergum.se\/chili\/?post_type=product&#038;p=780"},"modified":"2020-10-13T12:18:42","modified_gmt":"2020-10-13T10:18:42","slug":"jays-peach-ghost-scorpion","status":"publish","type":"product","link":"https:\/\/chili.rbit.se\/index.php\/produkt\/jays-peach-ghost-scorpion\/","title":{"rendered":"Jay\u00b4s Peach Ghost Scorpion"},"content":{"rendered":"<p>Jay\u00b4s Peach Ghost Scorpion &#8211; Capsicum chinense<\/p>\n<p>Detta \u00e4r en vansinnigt stark korsning, mellan Bhut Jolokia och Trinidad Scorpion, som odlats fram under ett antal \u00e5r av en amerikansk lantbrukare i Pennsylvania.<br \/>\nChilins form varierar mycket mellan extremt knottriga och knutiga Bhut Jolokias och knottriga vridna chilis med en l\u00e5ng &#8221;giftgadd&#8221;.<\/p>\n<p>Plantorna blir 80-100 cm h\u00f6ga och b\u00e4r m\u00e4ngder av stora, knottriga och skr\u00e4ckinjagande chilis.<br \/>\nChilins smak \u00e4r fruktig och aromatisk med en obarmh\u00e4rtig hettan som sl\u00e5r till n\u00e4stan direkt efter den f\u00f6rsta tuggan.<br \/>\nStyrkan ligger troligen ett bra sn\u00e4pp \u00f6ver en miljon Scoville.<br \/>\nChilin \u00e4r relativt tunnv\u00e4ggig och l\u00e4mpar sig v\u00e4l att torka f\u00f6r malning till flingor eller pulver.<\/p>\n","protected":false},"excerpt":{"rendered":"<p>Fr\u00f6n fr\u00e5n: Stickans chili 2018<br \/>\n\u00c5r: 2017<br \/>\nAnv\u00e4ndningsomr\u00e5de:flingor, pulver<br \/>\nSl\u00e4kte: Capsicum chinense<br \/>\nScoville: \u00f6ver 1,0000.000<br \/>\nStyrka: superhet<br \/>\nFrukt:<br \/>\nH\u00f6jd: 80-100 cm<br \/>\nKrukstorlek f\u00f6rsta \u00e5ret:<br \/>\nKrukstorlek andra \u00e5ret:<\/p>\n","protected":false},"featured_media":781,"comment_status":"open","ping_status":"closed","template":"","meta":[],"product_cat":[20,24,29,33],"product_tag":[],"_links":{"self":[{"href":"https:\/\/chili.rbit.se\/index.php\/wp-json\/wp\/v2\/product\/780"}],"collection":[{"href":"https:\/\/chili.rbit.se\/index.php\/wp-json\/wp\/v2\/product"}],"about":[{"href":"https:\/\/chili.rbit.se\/index.php\/wp-json\/wp\/v2\/types\/product"}],"replies":[{"embeddable":true,"href":"https:\/\/chili.rbit.se\/index.php\/wp-json\/wp\/v2\/comments?post=780"}],"wp:featuredmedia":[{"embeddable":true,"href":"https:\/\/chili.rbit.se\/index.php\/wp-json\/wp\/v2\/media\/781"}],"wp:attachment":[{"href":"https:\/\/chili.rbit.se\/index.php\/wp-json\/wp\/v2\/media?parent=780"}],"wp:term":[{"taxonomy":"product_cat","embeddable":true,"href":"https:\/\/chili.rbit.se\/index.php\/wp-json\/wp\/v2\/product_cat?post=780"},{"taxonomy":"product_tag","embeddable":true,"href":"https:\/\/chili.rbit.se\/index.php\/wp-json\/wp\/v2\/product_tag?post=780"}],"curies":[{"name":"wp","href":"https:\/\/api.w.org\/{rel}","templated":true}]}}