{"id":751,"date":"2017-11-01T08:24:16","date_gmt":"2017-11-01T07:24:16","guid":{"rendered":"http:\/\/tergum.se\/chili\/?post_type=product&#038;p=751"},"modified":"2020-10-13T12:19:43","modified_gmt":"2020-10-13T10:19:43","slug":"habanero-yellow","status":"publish","type":"product","link":"https:\/\/chili.rbit.se\/index.php\/produkt\/habanero-yellow\/","title":{"rendered":"Habanero Yellow"},"content":{"rendered":"<p>Habanero Yellow \u00e4r en het och h\u00f6gproducerande Karibisk chili.<br \/>\nStyrkan g\u00e5r upp mot dryga 300.000 Scoville.<\/p>\n<p>Plantan blir upp mot 90 cm h\u00f6g och b\u00e4r m\u00e4ngder av lysande gula frukter med respektingivande styrka.<br \/>\nChilin \u00e4r kryddstark och aromatisk med inslag av ananas och tropiska frukter.<\/p>\n","protected":false},"excerpt":{"rendered":"<p>Fr\u00f6n fr\u00e5n: Trond Askildsen<br \/>\n\u00c5r: 2017<br \/>\nAnv\u00e4ndningsomr\u00e5de: s\u00e5s<br \/>\nSl\u00e4kte: Capsicum chinense<br \/>\nScoville: 300.000<br \/>\nStyrka: Mycket het<br \/>\nFrukt:<br \/>\nH\u00f6jd: 90 cm<br \/>\nKrukstorlek f\u00f6rsta \u00e5ret:<br \/>\nKrukstorlek andra \u00e5ret:<\/p>\n","protected":false},"featured_media":752,"comment_status":"open","ping_status":"closed","template":"","meta":[],"product_cat":[20,24,29,32],"product_tag":[],"_links":{"self":[{"href":"https:\/\/chili.rbit.se\/index.php\/wp-json\/wp\/v2\/product\/751"}],"collection":[{"href":"https:\/\/chili.rbit.se\/index.php\/wp-json\/wp\/v2\/product"}],"about":[{"href":"https:\/\/chili.rbit.se\/index.php\/wp-json\/wp\/v2\/types\/product"}],"replies":[{"embeddable":true,"href":"https:\/\/chili.rbit.se\/index.php\/wp-json\/wp\/v2\/comments?post=751"}],"wp:featuredmedia":[{"embeddable":true,"href":"https:\/\/chili.rbit.se\/index.php\/wp-json\/wp\/v2\/media\/752"}],"wp:attachment":[{"href":"https:\/\/chili.rbit.se\/index.php\/wp-json\/wp\/v2\/media?parent=751"}],"wp:term":[{"taxonomy":"product_cat","embeddable":true,"href":"https:\/\/chili.rbit.se\/index.php\/wp-json\/wp\/v2\/product_cat?post=751"},{"taxonomy":"product_tag","embeddable":true,"href":"https:\/\/chili.rbit.se\/index.php\/wp-json\/wp\/v2\/product_tag?post=751"}],"curies":[{"name":"wp","href":"https:\/\/api.w.org\/{rel}","templated":true}]}}