{"id":740,"date":"2017-10-27T20:30:46","date_gmt":"2017-10-27T18:30:46","guid":{"rendered":"http:\/\/tergum.se\/chili\/?post_type=product&#038;p=740"},"modified":"2020-10-13T12:20:02","modified_gmt":"2020-10-13T10:20:02","slug":"chocolate-cherry","status":"publish","type":"product","link":"https:\/\/chili.rbit.se\/index.php\/produkt\/chocolate-cherry\/","title":{"rendered":"Chocolate cherry"},"content":{"rendered":"<p>En b\u00e5de vacker och god k\u00f6rsb\u00e4rschili som liknar sm\u00e5 chokladkulor som mogen.<br \/>\nPlantorna blir 60-90 cm h\u00f6ga och ger goda sk\u00f6rdar av runda chilifrukter.<br \/>\nFrukterna p\u00e5 Chocolate Cherry v\u00e4xer upp\u00e5t och blir ca 30 mm i diameter.<br \/>\nF\u00e4rgen g\u00e5r fr\u00e5n gr\u00f6n till m\u00f6rkt chokladbrun och smaken \u00e4r fruktig med en l\u00e5g hetta p\u00e5 1000-5000 Scoville.<br \/>\nFruktv\u00e4ggarna \u00e4r tjocka vilket g\u00f6r chilin extra saftig.<br \/>\nChocolate Cherry l\u00e4r vara delikat som inlagd och som snackschili p\u00e5 ostbrickan\/tapasbrickan.<\/p>\n","protected":false},"excerpt":{"rendered":"<p>Fr\u00f6n fr\u00e5n: Bj\u00f6rn Persson<br \/>\n\u00c5r: 2017<br \/>\nAnv\u00e4ndningsomr\u00e5de:<br \/>\nSl\u00e4kte: Capsicum annuum<br \/>\nScoville: 1.000 &#8211; 5.000<br \/>\nStyrka: mild<br \/>\nFrukt: 3 cm diameter<br \/>\nH\u00f6jd: 60-90 cm<br \/>\nKrukstorlek f\u00f6rsta \u00e5ret:<br \/>\nKrukstorlek andra \u00e5ret:<\/p>\n","protected":false},"featured_media":741,"comment_status":"open","ping_status":"closed","template":"","meta":[],"product_cat":[20,21,29,30],"product_tag":[],"_links":{"self":[{"href":"https:\/\/chili.rbit.se\/index.php\/wp-json\/wp\/v2\/product\/740"}],"collection":[{"href":"https:\/\/chili.rbit.se\/index.php\/wp-json\/wp\/v2\/product"}],"about":[{"href":"https:\/\/chili.rbit.se\/index.php\/wp-json\/wp\/v2\/types\/product"}],"replies":[{"embeddable":true,"href":"https:\/\/chili.rbit.se\/index.php\/wp-json\/wp\/v2\/comments?post=740"}],"wp:featuredmedia":[{"embeddable":true,"href":"https:\/\/chili.rbit.se\/index.php\/wp-json\/wp\/v2\/media\/741"}],"wp:attachment":[{"href":"https:\/\/chili.rbit.se\/index.php\/wp-json\/wp\/v2\/media?parent=740"}],"wp:term":[{"taxonomy":"product_cat","embeddable":true,"href":"https:\/\/chili.rbit.se\/index.php\/wp-json\/wp\/v2\/product_cat?post=740"},{"taxonomy":"product_tag","embeddable":true,"href":"https:\/\/chili.rbit.se\/index.php\/wp-json\/wp\/v2\/product_tag?post=740"}],"curies":[{"name":"wp","href":"https:\/\/api.w.org\/{rel}","templated":true}]}}