{"id":709,"date":"2017-10-24T20:07:01","date_gmt":"2017-10-24T18:07:01","guid":{"rendered":"http:\/\/tergum.se\/chili\/?post_type=product&#038;p=709"},"modified":"2017-10-24T20:14:47","modified_gmt":"2017-10-24T18:14:47","slug":"majonas","status":"publish","type":"product","link":"https:\/\/chili.rbit.se\/index.php\/produkt\/majonas\/","title":{"rendered":"Majon\u00e4s"},"content":{"rendered":"<p>Kn\u00e4ck \u00e4ggen i en h\u00f6g, sn\u00e4v mixerbunke<br \/>\nTills\u00e4tt dijonsenapen, och \u00e4ppelcidervin\u00e4gern\/citronsaften<br \/>\nH\u00e4ll sist p\u00e5  Rapsoljan och l\u00e5t det hela st\u00e5 och vila 4-5 minuter s\u00e5 att oljan l\u00e4gger sig \u00f6ver de \u00f6vriga ingredienserna<br \/>\nMixa med mixerstaven till h\u00e4rlig majonn\u00e4s. S\u00e4tt mixerstaven i botten och starta mixern, efter n\u00e5gra sekunder dra sakta upp\u00e5t och f\u00f6r sedan mixerstaven upp och ned n\u00e5gra g\u00e5nger<br \/>\nTills\u00e4tt salt och eventuellt annan krydda som ska smaks\u00e4tta din majonn\u00e4s<br \/>\nMixa lite till s\u00e5 att allt blandar sig<\/p>\n","protected":false},"excerpt":{"rendered":"<p>2 st\t\u00c4gg<br \/>\n2 tsk\tDijonsenap<br \/>\n1 msk\t\u00c4ppelcidervin\u00e4ger eller nypressad citronsaft<br \/>\n4,5 dl\tRapsolja<br \/>\n2 krm\tHimalayasalt\/havssalt <\/p>\n","protected":false},"featured_media":710,"comment_status":"open","ping_status":"closed","template":"","meta":[],"product_cat":[19],"product_tag":[],"_links":{"self":[{"href":"https:\/\/chili.rbit.se\/index.php\/wp-json\/wp\/v2\/product\/709"}],"collection":[{"href":"https:\/\/chili.rbit.se\/index.php\/wp-json\/wp\/v2\/product"}],"about":[{"href":"https:\/\/chili.rbit.se\/index.php\/wp-json\/wp\/v2\/types\/product"}],"replies":[{"embeddable":true,"href":"https:\/\/chili.rbit.se\/index.php\/wp-json\/wp\/v2\/comments?post=709"}],"wp:featuredmedia":[{"embeddable":true,"href":"https:\/\/chili.rbit.se\/index.php\/wp-json\/wp\/v2\/media\/710"}],"wp:attachment":[{"href":"https:\/\/chili.rbit.se\/index.php\/wp-json\/wp\/v2\/media?parent=709"}],"wp:term":[{"taxonomy":"product_cat","embeddable":true,"href":"https:\/\/chili.rbit.se\/index.php\/wp-json\/wp\/v2\/product_cat?post=709"},{"taxonomy":"product_tag","embeddable":true,"href":"https:\/\/chili.rbit.se\/index.php\/wp-json\/wp\/v2\/product_tag?post=709"}],"curies":[{"name":"wp","href":"https:\/\/api.w.org\/{rel}","templated":true}]}}