{"id":663,"date":"2017-10-19T10:03:47","date_gmt":"2017-10-19T08:03:47","guid":{"rendered":"http:\/\/tergum.se\/chili\/?post_type=product&#038;p=663"},"modified":"2017-10-19T10:04:17","modified_gmt":"2017-10-19T08:04:17","slug":"biber-yalova-corbaci","status":"publish","type":"product","link":"https:\/\/chili.rbit.se\/index.php\/produkt\/biber-yalova-corbaci\/","title":{"rendered":"Biber yalova corbaci"},"content":{"rendered":"<p>Biber betyder peppar\/chili p\u00e5 turkiska. Planta som blir ca. 70-80 cm h\u00f6g. Frukterna blir 20-28 cm l\u00e5nga och ganska smala. Smaken \u00e4r mild, s\u00f6t och lite bitter. Turkarna stekar dessa i olivolja och saltar dem sedan \u00e4ter de dem till frukost. Turkisk chili som \u00e4ts till frukost med fetaost.<\/p>\n","protected":false},"excerpt":{"rendered":"<p>Fr\u00f6n fr\u00e5n: Mathias Eriksson<br \/>\n\u00c5r: 2017<br \/>\nAnv\u00e4ndningsomr\u00e5de:<br \/>\nSl\u00e4kte:  Capsicum annuum<br \/>\nScoville:<br \/>\nStyrka: Mild<br \/>\nFrukt:20-28 cm l\u00e5nga<br \/>\nH\u00f6jd: 70-80 cm<br \/>\nKrukstorlek f\u00f6rsta \u00e5ret:<br \/>\nKrukstorlek andra \u00e5ret:<\/p>\n","protected":false},"featured_media":664,"comment_status":"open","ping_status":"closed","template":"","meta":[],"product_cat":[20,21,29,30],"product_tag":[],"_links":{"self":[{"href":"https:\/\/chili.rbit.se\/index.php\/wp-json\/wp\/v2\/product\/663"}],"collection":[{"href":"https:\/\/chili.rbit.se\/index.php\/wp-json\/wp\/v2\/product"}],"about":[{"href":"https:\/\/chili.rbit.se\/index.php\/wp-json\/wp\/v2\/types\/product"}],"replies":[{"embeddable":true,"href":"https:\/\/chili.rbit.se\/index.php\/wp-json\/wp\/v2\/comments?post=663"}],"wp:featuredmedia":[{"embeddable":true,"href":"https:\/\/chili.rbit.se\/index.php\/wp-json\/wp\/v2\/media\/664"}],"wp:attachment":[{"href":"https:\/\/chili.rbit.se\/index.php\/wp-json\/wp\/v2\/media?parent=663"}],"wp:term":[{"taxonomy":"product_cat","embeddable":true,"href":"https:\/\/chili.rbit.se\/index.php\/wp-json\/wp\/v2\/product_cat?post=663"},{"taxonomy":"product_tag","embeddable":true,"href":"https:\/\/chili.rbit.se\/index.php\/wp-json\/wp\/v2\/product_tag?post=663"}],"curies":[{"name":"wp","href":"https:\/\/api.w.org\/{rel}","templated":true}]}}