{"id":655,"date":"2017-10-17T21:43:54","date_gmt":"2017-10-17T19:43:54","guid":{"rendered":"http:\/\/tergum.se\/chili\/?post_type=product&#038;p=655"},"modified":"2017-10-17T21:44:59","modified_gmt":"2017-10-17T19:44:59","slug":"habanero-red","status":"publish","type":"product","link":"https:\/\/chili.rbit.se\/index.php\/produkt\/habanero-red\/","title":{"rendered":"Habanero Red"},"content":{"rendered":"<p>Habanero \u00e4r, tillsammans med Scotch Bonnet, den mest odlade varianten av arten havannapeppar (Capsicum chinense). Habanero kallar man ofta de klockformade frukterna. Frukterna varierar i storlekar mellan 2,5 och 5 cm i diameter och f\u00e4rg fr\u00e5n vit, gr\u00f6n (omogen), gul och orange till r\u00f6d.<br \/>\nDenna v\u00e4lk\u00e4nda Habanerovariant kommer fr\u00e5n Mexico ger rikligt med sm\u00e5 skrynkliga r\u00f6da paprikaliknande frukter.<\/p>\n<p>Plantan blir omkring 90 cm h\u00f6g och frukterna g\u00e5r fr\u00e5n gr\u00f6nt till lysande r\u00f6tt vid mognad.<br \/>\nHabanero \u00e4r \u00e4r en given ingrediens i kryddstark mat.<\/p>\n","protected":false},"excerpt":{"rendered":"<p>Fr\u00f6n fr\u00e5n: Lisa B\u00f6ving<br \/>\n\u00c5r: 2017<br \/>\nAnv\u00e4ndningsomr\u00e5de:<br \/>\nSl\u00e4kte: Capsicum chinense<br \/>\nScoville: 300.000<br \/>\nStyrka: mycket het<br \/>\nFrukt: klockformad 2-5 cm<br \/>\nH\u00f6jd: 90 cm<br \/>\nKrukstorlek f\u00f6rsta \u00e5ret:<br \/>\nKrukstorlek andra \u00e5ret:<\/p>\n","protected":false},"featured_media":656,"comment_status":"open","ping_status":"closed","template":"","meta":[],"product_cat":[20,24,29,32],"product_tag":[],"_links":{"self":[{"href":"https:\/\/chili.rbit.se\/index.php\/wp-json\/wp\/v2\/product\/655"}],"collection":[{"href":"https:\/\/chili.rbit.se\/index.php\/wp-json\/wp\/v2\/product"}],"about":[{"href":"https:\/\/chili.rbit.se\/index.php\/wp-json\/wp\/v2\/types\/product"}],"replies":[{"embeddable":true,"href":"https:\/\/chili.rbit.se\/index.php\/wp-json\/wp\/v2\/comments?post=655"}],"wp:featuredmedia":[{"embeddable":true,"href":"https:\/\/chili.rbit.se\/index.php\/wp-json\/wp\/v2\/media\/656"}],"wp:attachment":[{"href":"https:\/\/chili.rbit.se\/index.php\/wp-json\/wp\/v2\/media?parent=655"}],"wp:term":[{"taxonomy":"product_cat","embeddable":true,"href":"https:\/\/chili.rbit.se\/index.php\/wp-json\/wp\/v2\/product_cat?post=655"},{"taxonomy":"product_tag","embeddable":true,"href":"https:\/\/chili.rbit.se\/index.php\/wp-json\/wp\/v2\/product_tag?post=655"}],"curies":[{"name":"wp","href":"https:\/\/api.w.org\/{rel}","templated":true}]}}