{"id":629,"date":"2017-10-13T15:09:41","date_gmt":"2017-10-13T13:09:41","guid":{"rendered":"http:\/\/tergum.se\/chili\/?post_type=product&#038;p=629"},"modified":"2017-10-13T15:11:03","modified_gmt":"2017-10-13T13:11:03","slug":"mini-bell-yellow","status":"publish","type":"product","link":"https:\/\/chili.rbit.se\/index.php\/produkt\/mini-bell-yellow\/","title":{"rendered":"Mini bell Yellow"},"content":{"rendered":"<p>Mini bell yellow \u00e4r en L\u00e5gv\u00e4xande minipaprika, med kompakta plantor som ger enorm sk\u00f6rd av sm\u00e5, blockformade, s\u00f6ta och krispiga gula minipaprikor. Blommar och s\u00e4tter frukt tidigt och har l\u00e5ng v\u00e4xtperiod. Produktiv och dekorativ att odla i krukor. Kan odlas i v\u00e4xthus eller utomhus p\u00e5 solig plats.<\/p>\n","protected":false},"excerpt":{"rendered":"<p>Fr\u00f6n fr\u00e5n: chililovers<br \/>\n\u00c5r: 2017<br \/>\nAnv\u00e4ndningsomr\u00e5de:<br \/>\nSl\u00e4kte: Capsicum annuum<br \/>\nScoville: 0<br \/>\nStyrka: s\u00f6t<br \/>\nFrukt:<br \/>\nH\u00f6jd:<br \/>\nKrukstorlek f\u00f6rsta \u00e5ret:<br \/>\nKrukstorlek andra \u00e5ret:<\/p>\n","protected":false},"featured_media":630,"comment_status":"open","ping_status":"closed","template":"","meta":[],"product_cat":[20,21,29,30],"product_tag":[],"_links":{"self":[{"href":"https:\/\/chili.rbit.se\/index.php\/wp-json\/wp\/v2\/product\/629"}],"collection":[{"href":"https:\/\/chili.rbit.se\/index.php\/wp-json\/wp\/v2\/product"}],"about":[{"href":"https:\/\/chili.rbit.se\/index.php\/wp-json\/wp\/v2\/types\/product"}],"replies":[{"embeddable":true,"href":"https:\/\/chili.rbit.se\/index.php\/wp-json\/wp\/v2\/comments?post=629"}],"wp:featuredmedia":[{"embeddable":true,"href":"https:\/\/chili.rbit.se\/index.php\/wp-json\/wp\/v2\/media\/630"}],"wp:attachment":[{"href":"https:\/\/chili.rbit.se\/index.php\/wp-json\/wp\/v2\/media?parent=629"}],"wp:term":[{"taxonomy":"product_cat","embeddable":true,"href":"https:\/\/chili.rbit.se\/index.php\/wp-json\/wp\/v2\/product_cat?post=629"},{"taxonomy":"product_tag","embeddable":true,"href":"https:\/\/chili.rbit.se\/index.php\/wp-json\/wp\/v2\/product_tag?post=629"}],"curies":[{"name":"wp","href":"https:\/\/api.w.org\/{rel}","templated":true}]}}