{"id":601,"date":"2017-10-06T16:15:54","date_gmt":"2017-10-06T14:15:54","guid":{"rendered":"http:\/\/tergum.se\/chili\/?post_type=product&#038;p=601"},"modified":"2017-10-06T16:17:29","modified_gmt":"2017-10-06T14:17:29","slug":"chilhuacle-negro","status":"publish","type":"product","link":"https:\/\/chili.rbit.se\/index.php\/produkt\/chilhuacle-negro\/","title":{"rendered":"Chilhuacle negro"},"content":{"rendered":"<p>En s\u00e4llsynt chili fr\u00e5n Oaxaca i Mexico med fantastisk smak och doft.<br \/>\nPlantan blir ca 70 cm h\u00f6g och de kraftiga frukterna 5-6 cm l\u00e5nga.<br \/>\nChilin har en m\u00f6rkgr\u00f6n f\u00e4rg under l\u00e5ng tid men f\u00e5r slutligen en vacker chokladbrun nyans som mogen.<\/p>\n<p>Chilhuacle Negro \u00e4r relativt kryddsvag men m\u00e5nga h\u00e4vdar ett det \u00e4r den chilisort som smakar mest.<br \/>\nSmaken och doften \u00e4r mycket mustig och har starka inslag av tobak, lakrits och katrinplommon.<br \/>\nChilin kan torkas och anv\u00e4ndas i den ber\u00f6mda mexikanska moles\u00e5sen eller anv\u00e4ndas f\u00e4rsk i grytor och till grillad mat.<br \/>\nDen kan \u00e4ven grillas eller r\u00f6kas f\u00f6r att f\u00f6rst\u00e4rka den kraftiga smaken.<br \/>\nSom svensk kan man med f\u00f6rdel anv\u00e4nda Chilhuacle Negro ihop med egenplockad skogssvamp.<\/p>\n","protected":false},"excerpt":{"rendered":"<p>Fr\u00f6n fr\u00e5n: Aoto Suppo<br \/>\n\u00c5r: 2017<br \/>\nAnv\u00e4ndningsomr\u00e5de:<br \/>\nSl\u00e4kte: Capsicum annuum<br \/>\nScoville:<br \/>\nStyrka: mild<br \/>\nFrukt: 5-6 cm l\u00e5nga<br \/>\nH\u00f6jd: 70 cm<br \/>\nKrukstorlek f\u00f6rsta \u00e5ret:<br \/>\nKrukstorlek andra \u00e5ret:<\/p>\n","protected":false},"featured_media":602,"comment_status":"open","ping_status":"closed","template":"","meta":[],"product_cat":[20,21,29,30],"product_tag":[],"_links":{"self":[{"href":"https:\/\/chili.rbit.se\/index.php\/wp-json\/wp\/v2\/product\/601"}],"collection":[{"href":"https:\/\/chili.rbit.se\/index.php\/wp-json\/wp\/v2\/product"}],"about":[{"href":"https:\/\/chili.rbit.se\/index.php\/wp-json\/wp\/v2\/types\/product"}],"replies":[{"embeddable":true,"href":"https:\/\/chili.rbit.se\/index.php\/wp-json\/wp\/v2\/comments?post=601"}],"wp:featuredmedia":[{"embeddable":true,"href":"https:\/\/chili.rbit.se\/index.php\/wp-json\/wp\/v2\/media\/602"}],"wp:attachment":[{"href":"https:\/\/chili.rbit.se\/index.php\/wp-json\/wp\/v2\/media?parent=601"}],"wp:term":[{"taxonomy":"product_cat","embeddable":true,"href":"https:\/\/chili.rbit.se\/index.php\/wp-json\/wp\/v2\/product_cat?post=601"},{"taxonomy":"product_tag","embeddable":true,"href":"https:\/\/chili.rbit.se\/index.php\/wp-json\/wp\/v2\/product_tag?post=601"}],"curies":[{"name":"wp","href":"https:\/\/api.w.org\/{rel}","templated":true}]}}