{"id":558,"date":"2017-09-29T15:27:25","date_gmt":"2017-09-29T13:27:25","guid":{"rendered":"http:\/\/tergum.se\/chili\/?post_type=product&#038;p=558"},"modified":"2017-10-06T17:30:48","modified_gmt":"2017-10-06T15:30:48","slug":"purple-tiger","status":"publish","type":"product","link":"https:\/\/chili.rbit.se\/index.php\/produkt\/purple-tiger\/","title":{"rendered":"Purple tiger"},"content":{"rendered":"<p>\nPurple Tiger \u00e4r \u00e4ven k\u00e4nd som Variegata och Trifetti, ursprung \u00e4r USA. Plantan har ett fantastiskt vackert varierat bladverk i skiftande m\u00f6nster med gr\u00f6nt, vitt och purpur. Stammen och blommorna \u00e4r samtidigt vackert purpurf\u00e4rgade. Purple Tiger b\u00e4r stora m\u00e4ngder av 3-6 cm l\u00e5nga och droppformade samt medelstarka chilefrukter som g\u00e5r fr\u00e5n svartlila till r\u00f6d f\u00e4rg efterhand de mognar. Ber\u00e4kna drygt 100 dagars v\u00e4xtcykel. Frukterna har liknande tjocka fruktv\u00e4ggar och hetta som Jalape\u00f1o. Perfekt f\u00f6r anv\u00e4ndning i s\u00e5ser och mycket attraktiv inlagd med en blandning av andra chilefrukter och f\u00e4rger<\/p>\n<p>Purple Tiger \u00e4r en favoritv\u00e4xt hos m\u00e5nga odlare. Dessutom \u00e4r den l\u00e4ttsk\u00f6tt s\u00e5 l\u00e4nge den f\u00e5r grundl\u00e4ggande sk\u00f6tsel med vatten, n\u00e4ring v\u00e4rme och solljus. Plantan blir cirka 65 cm h\u00f6g, vilket g\u00f6r att du kan h\u00e5lla den som prydnadsv\u00e4xt i kruka p\u00e5 balkong eller uteplats. Styr storleken p\u00e5 plantan med storleken p\u00e5 krukan. Oavsett storlek s\u00e5 kommer den att l\u00e4tta upp \u00e4ven det tr\u00e5kigaste v\u00e4xthus. Purple Tiger kan ocks\u00e5 ge dig en massa f\u00e4rsk frukt under s\u00e4songen som varar ungef\u00e4r 4 m\u00e5nader, beroende p\u00e5 odlingsbetingelser.<\/p>\n","protected":false},"excerpt":{"rendered":"<p>Fr\u00f6n fr\u00e5n: Kaj Wahlqvist<br \/>\n\u00c5r: 2016 och 2017<br \/>\nAnv\u00e4ndningsomr\u00e5de: s\u00e5ser bla<br \/>\nSl\u00e4kte: Capsicum Annuum<br \/>\nScoville: 2500 &#8211; 5000<br \/>\nStyrka:<br \/>\nFrukt: 3-6 cm l\u00e5nga och droppformad<br \/>\nH\u00f6jd: 65 cm<br \/>\nKrukstorlek f\u00f6rsta \u00e5ret:<br \/>\nKrukstorlek andra \u00e5ret:<\/p>\n","protected":false},"featured_media":559,"comment_status":"open","ping_status":"closed","template":"","meta":[],"product_cat":[20,21,29,30],"product_tag":[],"_links":{"self":[{"href":"https:\/\/chili.rbit.se\/index.php\/wp-json\/wp\/v2\/product\/558"}],"collection":[{"href":"https:\/\/chili.rbit.se\/index.php\/wp-json\/wp\/v2\/product"}],"about":[{"href":"https:\/\/chili.rbit.se\/index.php\/wp-json\/wp\/v2\/types\/product"}],"replies":[{"embeddable":true,"href":"https:\/\/chili.rbit.se\/index.php\/wp-json\/wp\/v2\/comments?post=558"}],"wp:featuredmedia":[{"embeddable":true,"href":"https:\/\/chili.rbit.se\/index.php\/wp-json\/wp\/v2\/media\/559"}],"wp:attachment":[{"href":"https:\/\/chili.rbit.se\/index.php\/wp-json\/wp\/v2\/media?parent=558"}],"wp:term":[{"taxonomy":"product_cat","embeddable":true,"href":"https:\/\/chili.rbit.se\/index.php\/wp-json\/wp\/v2\/product_cat?post=558"},{"taxonomy":"product_tag","embeddable":true,"href":"https:\/\/chili.rbit.se\/index.php\/wp-json\/wp\/v2\/product_tag?post=558"}],"curies":[{"name":"wp","href":"https:\/\/api.w.org\/{rel}","templated":true}]}}