{"id":489,"date":"2017-09-07T17:16:47","date_gmt":"2017-09-07T15:16:47","guid":{"rendered":"http:\/\/tergum.se\/chili\/?post_type=product&#038;p=489"},"modified":"2017-10-06T17:28:01","modified_gmt":"2017-10-06T15:28:01","slug":"madre-vieja","status":"publish","type":"product","link":"https:\/\/chili.rbit.se\/index.php\/produkt\/madre-vieja\/","title":{"rendered":"Madre Vieja"},"content":{"rendered":"<p>Madre Vieja, som betyder gamla mamma p\u00e5 spanska, har ett ok\u00e4nt ursprung. Floden R\u00edo Madre Vieja i sydv\u00e4stra Guatemala \u00e4r de enda kopplingen och utan vidare signifikation. Det \u00e4r en trevlig liten planta med kompakt v\u00e4xts\u00e4tt. H\u00e5ll g\u00e4rna plantan inomhus eller i v\u00e4xthus f\u00f6rsta s\u00e4songen p\u00e5 grund av den l\u00e5ngsamma utvecklingen och v\u00e4xtcykeln. Fruktformen \u00e4r oregelbundet avl\u00e5ng och med b\u00e5de b\u00f6jd, markerad eller svagt trubbig spets, cirka 5-8 cm l\u00e5nga och 1 cm breda. Mognaden g\u00e5r fr\u00e5n ljusgr\u00f6nt till djupt gult i de rikt fruktsmakande chilefrukterna, vissa h\u00e4vdar en tydlig ananasarom. Styrkan \u00e4r medelstark men scovillegrader \u00e4r ej bekr\u00e4ftad. Frukterna torkar v\u00e4l.<\/p>\n<p>Anv\u00e4nd Madre Vieja i matlagning som \u00f6vriga sorter ur artgruppen C. baccatum. Frukterna \u00e4r perfekt f\u00f6r starkare ceviche, potatis- och\/eller ostr\u00e4tter. Madre Vieja passar ocks\u00e5 i hot sauce, chutney och asiatisk matlagning.<\/p>\n","protected":false},"excerpt":{"rendered":"<p>Fr\u00f6n fr\u00e5n: Niklas Johansson<br \/>\n\u00c5r: 2017<br \/>\nAnv\u00e4ndningsomr\u00e5de: matlagning som \u00f6vriga sorter ur artgruppen C. baccatum<br \/>\nSl\u00e4kte: Capsicum baccatum<br \/>\nScoville: 70.000<br \/>\nStyrka: medelstark<br \/>\nFrukt: cirka 5-8 cm l\u00e5nga och 1 cm breda.<br \/>\nH\u00f6jd:<br \/>\nKrukstorlek f\u00f6rsta \u00e5ret:<br \/>\nKrukstorlek andra \u00e5ret:<\/p>\n","protected":false},"featured_media":490,"comment_status":"open","ping_status":"closed","template":"","meta":[],"product_cat":[20,23,29,32],"product_tag":[],"_links":{"self":[{"href":"https:\/\/chili.rbit.se\/index.php\/wp-json\/wp\/v2\/product\/489"}],"collection":[{"href":"https:\/\/chili.rbit.se\/index.php\/wp-json\/wp\/v2\/product"}],"about":[{"href":"https:\/\/chili.rbit.se\/index.php\/wp-json\/wp\/v2\/types\/product"}],"replies":[{"embeddable":true,"href":"https:\/\/chili.rbit.se\/index.php\/wp-json\/wp\/v2\/comments?post=489"}],"wp:featuredmedia":[{"embeddable":true,"href":"https:\/\/chili.rbit.se\/index.php\/wp-json\/wp\/v2\/media\/490"}],"wp:attachment":[{"href":"https:\/\/chili.rbit.se\/index.php\/wp-json\/wp\/v2\/media?parent=489"}],"wp:term":[{"taxonomy":"product_cat","embeddable":true,"href":"https:\/\/chili.rbit.se\/index.php\/wp-json\/wp\/v2\/product_cat?post=489"},{"taxonomy":"product_tag","embeddable":true,"href":"https:\/\/chili.rbit.se\/index.php\/wp-json\/wp\/v2\/product_tag?post=489"}],"curies":[{"name":"wp","href":"https:\/\/api.w.org\/{rel}","templated":true}]}}