{"id":469,"date":"2017-09-06T17:15:16","date_gmt":"2017-09-06T15:15:16","guid":{"rendered":"http:\/\/tergum.se\/chili\/?post_type=product&#038;p=469"},"modified":"2017-10-06T17:29:29","modified_gmt":"2017-10-06T15:29:29","slug":"nepalese-bell-jamaican-bell","status":"publish","type":"product","link":"https:\/\/chili.rbit.se\/index.php\/produkt\/nepalese-bell-jamaican-bell\/","title":{"rendered":"Nepalese Bell (Jamaican Bell)"},"content":{"rendered":"<p>En unik och ovanlig chili som f\u00e5tt sitt namn p\u00e5 grund av likheten med de sm\u00e5 klockorna som munkarna anv\u00e4nder i buddistklostren kring Himalaya.<br \/>\nFrukterna p\u00e5minner om Bishops Crown men \u00e4r st\u00f6rre och kraftigare.<br \/>\nStyrkan i denna chili \u00e4r mild till medel, undersidan och kanterna \u00e4r milda medan ovandelen och mitten med fr\u00f6 kan bli ordentligt kryddstarka.<br \/>\nPlantan blir ganska kraftig, 90-120 cm h\u00f6g, men kan beh\u00f6va st\u00f6ttas d\u00e5 den b\u00e4r mycket frukt.<br \/>\nFrukterna blir 7-10 cm tv\u00e4rs\u00f6ver och \u00e4r ganska tunga, f\u00e4rgen g\u00e5r fr\u00e5n ljusgr\u00f6nt till brandgult f\u00f6r att avslutas som djupr\u00f6da som fullmogna.<\/p>\n<p>V\u00e4lbekanta, mycket typiska klockformade frukter som \u00f6verg\u00e5r fr\u00e5n gr\u00f6nt till kraftigt, skinande r\u00f6tt. Plantan kan bli riktigt stor, minst meterh\u00f6g och buskig och b\u00e4r massor av h\u00e4ngande klockor. De har lite baccatumstyrka, men \u00e4r betydligt mildare \u00e4n de flesta andra inom samma art. Doften av rabarber \u00e4r tydlig n\u00e4r man delar frukten.<br \/>\nJamaican Bell, med sin milda styrka, \u00e4r l\u00e4tt att anv\u00e4nda i allehanda r\u00e4tter. G\u00e4rna fylld med t.ex. ost och gratinerad. Har sitt ursprung, som namnet visar, i V\u00e4stindien<\/p>\n","protected":false},"excerpt":{"rendered":"<p>Fr\u00f6n fr\u00e5n: Ann-Christin Sj\u00f6str\u00f6m<br \/>\n\u00c5r: 2017<br \/>\nAnv\u00e4ndningsomr\u00e5de: ugnsgratinera<br \/>\nSl\u00e4kte: Capsicum baccatum<br \/>\nScoville: 10.000<br \/>\nStyrka: mild medel<br \/>\nH\u00f6jd: 90-120 cm<br \/>\nKrukstorlek f\u00f6rsta \u00e5ret:<br \/>\nKrukstorlek andra \u00e5ret:<\/p>\n","protected":false},"featured_media":470,"comment_status":"open","ping_status":"closed","template":"","meta":[],"product_cat":[20,23,29,30],"product_tag":[],"_links":{"self":[{"href":"https:\/\/chili.rbit.se\/index.php\/wp-json\/wp\/v2\/product\/469"}],"collection":[{"href":"https:\/\/chili.rbit.se\/index.php\/wp-json\/wp\/v2\/product"}],"about":[{"href":"https:\/\/chili.rbit.se\/index.php\/wp-json\/wp\/v2\/types\/product"}],"replies":[{"embeddable":true,"href":"https:\/\/chili.rbit.se\/index.php\/wp-json\/wp\/v2\/comments?post=469"}],"wp:featuredmedia":[{"embeddable":true,"href":"https:\/\/chili.rbit.se\/index.php\/wp-json\/wp\/v2\/media\/470"}],"wp:attachment":[{"href":"https:\/\/chili.rbit.se\/index.php\/wp-json\/wp\/v2\/media?parent=469"}],"wp:term":[{"taxonomy":"product_cat","embeddable":true,"href":"https:\/\/chili.rbit.se\/index.php\/wp-json\/wp\/v2\/product_cat?post=469"},{"taxonomy":"product_tag","embeddable":true,"href":"https:\/\/chili.rbit.se\/index.php\/wp-json\/wp\/v2\/product_tag?post=469"}],"curies":[{"name":"wp","href":"https:\/\/api.w.org\/{rel}","templated":true}]}}