{"id":464,"date":"2017-09-06T16:59:11","date_gmt":"2017-09-06T14:59:11","guid":{"rendered":"http:\/\/tergum.se\/chili\/?post_type=product&#038;p=464"},"modified":"2017-11-01T09:11:35","modified_gmt":"2017-11-01T08:11:35","slug":"hot-apple-alma-paprika","status":"publish","type":"product","link":"https:\/\/chili.rbit.se\/index.php\/produkt\/hot-apple-alma-paprika\/","title":{"rendered":"Hot Apple (Alma Paprika)"},"content":{"rendered":"<p>Denna \u00e4ppelformade chili kommer fr\u00e5n Ungern och kallas \u00e4ven &#8221;Hungarian Apple Pepper&#8221; och &#8221; Almapaprika&#8221;<br \/>\nPlantan blir upp mot 90 cm h\u00f6g och den runda frukten ca 5-7 cm i diameter.<br \/>\nF\u00e4rgen g\u00e5r fr\u00e5n cremevit till brandgul f\u00f6r att slutligen bli djupr\u00f6d vid full mognad.<br \/>\nSmaken \u00e4r s\u00f6t och saftig med en mild men \u00e4nd\u00e5 m\u00e4rkbar hetta.<br \/>\nV\u00e4ggarna \u00e4r tjocka och k\u00f6ttiga och denna stora frukt l\u00e4mpar sig bra att fylla med allehanda god mat f\u00f6r ugnsgratinering.<br \/>\nChilin passar \u00e4ven bra att grilla hel eller att anv\u00e4nda i sallader och som kryddigt sm\u00f6rg\u00e5sp\u00e5l\u00e4gg.<\/p>\n","protected":false},"excerpt":{"rendered":"<p>Fr\u00f6n fr\u00e5n: Uffe Hertler och Kenneth Nilsson<br \/>\n\u00c5r: 2017<br \/>\nAnv\u00e4ndningsomr\u00e5de: ugnsgratinering, de l\u00e4mpar sig \u00e4ven ypperligt att fylla med en god ost och l\u00e4gga p\u00e5 grillen<br \/>\nSl\u00e4kte: Capsicum annuum<br \/>\nScoville:<br \/>\nStyrka: mild<br \/>\nFrukt: Runda frukter ca 5-7 cm i diameter<br \/>\nH\u00f6jd: 90 cm<br \/>\nKrukstorlek f\u00f6rsta \u00e5ret:<br \/>\nKrukstorlek andra \u00e5ret:<\/p>\n","protected":false},"featured_media":466,"comment_status":"open","ping_status":"closed","template":"","meta":[],"product_cat":[20,21,29,30],"product_tag":[],"_links":{"self":[{"href":"https:\/\/chili.rbit.se\/index.php\/wp-json\/wp\/v2\/product\/464"}],"collection":[{"href":"https:\/\/chili.rbit.se\/index.php\/wp-json\/wp\/v2\/product"}],"about":[{"href":"https:\/\/chili.rbit.se\/index.php\/wp-json\/wp\/v2\/types\/product"}],"replies":[{"embeddable":true,"href":"https:\/\/chili.rbit.se\/index.php\/wp-json\/wp\/v2\/comments?post=464"}],"wp:featuredmedia":[{"embeddable":true,"href":"https:\/\/chili.rbit.se\/index.php\/wp-json\/wp\/v2\/media\/466"}],"wp:attachment":[{"href":"https:\/\/chili.rbit.se\/index.php\/wp-json\/wp\/v2\/media?parent=464"}],"wp:term":[{"taxonomy":"product_cat","embeddable":true,"href":"https:\/\/chili.rbit.se\/index.php\/wp-json\/wp\/v2\/product_cat?post=464"},{"taxonomy":"product_tag","embeddable":true,"href":"https:\/\/chili.rbit.se\/index.php\/wp-json\/wp\/v2\/product_tag?post=464"}],"curies":[{"name":"wp","href":"https:\/\/api.w.org\/{rel}","templated":true}]}}