{"id":461,"date":"2017-09-04T16:38:05","date_gmt":"2017-09-04T14:38:05","guid":{"rendered":"http:\/\/tergum.se\/chili\/?post_type=product&#038;p=461"},"modified":"2017-10-10T12:56:28","modified_gmt":"2017-10-10T10:56:28","slug":"habanero-orange","status":"publish","type":"product","link":"https:\/\/chili.rbit.se\/index.php\/produkt\/habanero-orange\/","title":{"rendered":"Habanero orange"},"content":{"rendered":"<p>Habanero Orange \u00e4r 40 g\u00e5nger starkare \u00e4n Jalapeno.<br \/>\nEn mycket het chili med en styrka p\u00e5 dryga 300.000 Scoville.<br \/>\nPlantan \u00e4r buskig blir upp mot 90 cm h\u00f6g.<br \/>\nChilin \u00e4r kryddstark och aromatisk med inslag av frukt i smaken.<br \/>\nSorten v\u00e4xer l\u00e5ngsamt och det tar 200 dagar fr\u00e5n s\u00e5dd innan man kan sk\u00f6rda mogna frukter.<br \/>\nDen \u00e4r mycket v\u00e4rmekr\u00e4vande och b\u00f6r odlas i v\u00e4xthus eller som krukv\u00e4xt.<\/p>\n<p><span class=\"\" style=\"display:block;clear:both;height: 0px;padding-top: 40px;border-top-width:0px;border-bottom-width:0px;\"><\/span><br \/>\n<iframe loading=\"lazy\" width=\"980\" height=\"735\" src=\"https:\/\/www.youtube.com\/embed\/w8FdfJkMypg?feature=oembed\" frameborder=\"0\" allowfullscreen><\/iframe><\/p>\n","protected":false},"excerpt":{"rendered":"<p>Fr\u00f6n fr\u00e5n: Simon L\u00f6fgren Uppsala chillies<br \/>\n\u00c5r: 2017<br \/>\nAnv\u00e4ndningsomr\u00e5de: s\u00e5ser, infrysning, torka. De torkade malda frukterna har en h\u00e4rlig aprikosdoft.<br \/>\nSl\u00e4kte: Capsicum chinense<br \/>\nScoville: 150.000 &#8211; 300.000<br \/>\nStyrka: Mycket het<br \/>\nFrukt: tunnv\u00e4ggig, knubbig lyktformad frukt, ca 3 cm. mognar fr\u00e5n gr\u00f6na till lysande guldorange<br \/>\nH\u00f6jd: 90<br \/>\nKrukstorlek f\u00f6rsta \u00e5ret:<br \/>\nKrukstorlek andra \u00e5ret:<\/p>\n","protected":false},"featured_media":462,"comment_status":"open","ping_status":"closed","template":"","meta":[],"product_cat":[20,24,29,32],"product_tag":[],"_links":{"self":[{"href":"https:\/\/chili.rbit.se\/index.php\/wp-json\/wp\/v2\/product\/461"}],"collection":[{"href":"https:\/\/chili.rbit.se\/index.php\/wp-json\/wp\/v2\/product"}],"about":[{"href":"https:\/\/chili.rbit.se\/index.php\/wp-json\/wp\/v2\/types\/product"}],"replies":[{"embeddable":true,"href":"https:\/\/chili.rbit.se\/index.php\/wp-json\/wp\/v2\/comments?post=461"}],"wp:featuredmedia":[{"embeddable":true,"href":"https:\/\/chili.rbit.se\/index.php\/wp-json\/wp\/v2\/media\/462"}],"wp:attachment":[{"href":"https:\/\/chili.rbit.se\/index.php\/wp-json\/wp\/v2\/media?parent=461"}],"wp:term":[{"taxonomy":"product_cat","embeddable":true,"href":"https:\/\/chili.rbit.se\/index.php\/wp-json\/wp\/v2\/product_cat?post=461"},{"taxonomy":"product_tag","embeddable":true,"href":"https:\/\/chili.rbit.se\/index.php\/wp-json\/wp\/v2\/product_tag?post=461"}],"curies":[{"name":"wp","href":"https:\/\/api.w.org\/{rel}","templated":true}]}}