{"id":456,"date":"2017-09-04T00:25:52","date_gmt":"2017-09-03T22:25:52","guid":{"rendered":"http:\/\/tergum.se\/chili\/?post_type=product&#038;p=456"},"modified":"2017-12-12T10:50:11","modified_gmt":"2017-12-12T09:50:11","slug":"pizzadeg-och-pizzasas","status":"publish","type":"product","link":"https:\/\/chili.rbit.se\/index.php\/produkt\/pizzadeg-och-pizzasas\/","title":{"rendered":"Pizzadeg och pizzas\u00e5s"},"content":{"rendered":"<p>G\u00f6r s\u00e5 h\u00e4r<br \/>\nBlanda j\u00e4st, vatten och olivolja i en bunke eller degblandare.<br \/>\nV\u00e4nd i mj\u00f6l och salt och blanda tills degen s\u00e4tter sig ordentligt och gluten bildas, l\u00e5t den sedan vila 30 minuter i bunken.<br \/>\nKn\u00e5da eller k\u00f6r i blandaren igen och l\u00e5t den sedan vila en timme, kn\u00e5da ner degen och st\u00e4ll i kylen minst ett dygn.<br \/>\nTa ut degen och forma till tv\u00e5 bollar och l\u00e5t dom j\u00e4sa i ca 3 timmar i rumstemperatur innan du ska gr\u00e4dda pizzan.<br \/>\nForma sedan pizzan och l\u00e4gg p\u00e5 valfri topping.<br \/>\nF\u00e4rdig deg ca 270 gram\/pizza<br \/>\nknappt 1 dl tomats\u00e5s per pizza<br \/>\n7 minuter direkt p\u00e5 stenen (bakpl\u00e5tspapper i mellan)<\/p>\n","protected":false},"excerpt":{"rendered":"<p>Pizzadeg 2 pizzor:<br \/>\n3 g j\u00e4st<br \/>\n200 g vatten<br \/>\n156 g tipo 00 mj\u00f6l<br \/>\n156 g vetemj\u00f6l special<br \/>\n12 g salt<br \/>\n20 g olivolja<\/p>\n<p>Pizzas\u00e5s:<br \/>\n1 burk Mutti polpa<br \/>\nca 0,5 dl olivolja<br \/>\nflingsalt<br \/>\nBlanda tomats\u00e5s och olivolja, smaka av med flingsalt<\/p>\n","protected":false},"featured_media":457,"comment_status":"open","ping_status":"closed","template":"","meta":[],"product_cat":[19],"product_tag":[],"_links":{"self":[{"href":"https:\/\/chili.rbit.se\/index.php\/wp-json\/wp\/v2\/product\/456"}],"collection":[{"href":"https:\/\/chili.rbit.se\/index.php\/wp-json\/wp\/v2\/product"}],"about":[{"href":"https:\/\/chili.rbit.se\/index.php\/wp-json\/wp\/v2\/types\/product"}],"replies":[{"embeddable":true,"href":"https:\/\/chili.rbit.se\/index.php\/wp-json\/wp\/v2\/comments?post=456"}],"wp:featuredmedia":[{"embeddable":true,"href":"https:\/\/chili.rbit.se\/index.php\/wp-json\/wp\/v2\/media\/457"}],"wp:attachment":[{"href":"https:\/\/chili.rbit.se\/index.php\/wp-json\/wp\/v2\/media?parent=456"}],"wp:term":[{"taxonomy":"product_cat","embeddable":true,"href":"https:\/\/chili.rbit.se\/index.php\/wp-json\/wp\/v2\/product_cat?post=456"},{"taxonomy":"product_tag","embeddable":true,"href":"https:\/\/chili.rbit.se\/index.php\/wp-json\/wp\/v2\/product_tag?post=456"}],"curies":[{"name":"wp","href":"https:\/\/api.w.org\/{rel}","templated":true}]}}