{"id":451,"date":"2017-09-01T22:17:18","date_gmt":"2017-09-01T20:17:18","guid":{"rendered":"http:\/\/tergum.se\/chili\/?post_type=product&#038;p=451"},"modified":"2017-10-28T10:44:38","modified_gmt":"2017-10-28T08:44:38","slug":"monkey-face-yellow","status":"publish","type":"product","link":"https:\/\/chili.rbit.se\/index.php\/produkt\/monkey-face-yellow\/","title":{"rendered":"Monkey face yellow"},"content":{"rendered":"<p>Namnet Monkey Face f\u00f6rst\u00e5r man b\u00e4ttre om man tittar p\u00e5 en mogen chili och anar ett apansikte i fruktens form.<br \/>\nDenna chilli \u00e4r mycket god och l\u00e4ttanv\u00e4nd f\u00f6r m\u00e5nga \u00e4ndam\u00e5l i matlagning t ex k\u00f6ttf\u00e4rss\u00e5s.<br \/>\nSmaken har inslag av exotiska frukter som citron och mango och hettan \u00e4r mild-medelstark.<br \/>\nFrukterna \u00e4r s\u00e5 stora dom kan klyvas p\u00e5 l\u00e4ngden och gratineras i ugn med ost, r\u00e4kor eller annat gott.<\/p>\n<p>I \u00f6vrigt har den karakt\u00e4ristiska frukten ett lite skrynkligt utseende. Denna chilepeppar \u00e4r mycket god och l\u00e4ttanv\u00e4nd i all matlagning, exempelvis grills\u00e5ser, fiskgrytor, salsa, chutney och pickles. Monkey Face g\u00e5r ocks\u00e5 bra att torka. Frukternas smak har tydligt inslag av exotiska frukter som citron och mango. Chilefrukterna \u00e4r s\u00e5 stora att dom kan klyvas p\u00e5 l\u00e4ngden och gratineras i ugn med ost, r\u00e4kor eller annat gott.<\/p>\n<p>Plantan blir 60-90 cm h\u00f6g, 45-60 cm vid och producerar m\u00e4ngder med 10-15 cm l\u00e5nga frukter som mognar fr\u00e5n gr\u00f6nt till r\u00f6tt. Det finns \u00e4ven varianter med klargul mognadsf\u00e4rg. Monkey Face \u00e4r en popul\u00e4r sort f\u00f6r hobbyodlare med sin &#8221;lagom&#8221; styrka och rika sk\u00f6rd.<\/p>\n","protected":false},"excerpt":{"rendered":"<p>Fr\u00f6n fr\u00e5n: Harriet L\u00f6kholm<br \/>\n\u00c5r: 2017<br \/>\nAnv\u00e4ndningsomr\u00e5de:<br \/>\nSl\u00e4kte: Capsicum annuum<br \/>\nScoville:<br \/>\nStyrka: mild- medelhet<br \/>\nFrukt: 10-15 cm<br \/>\nH\u00f6jd: 80 cm<br \/>\nKrukstorlek f\u00f6rsta \u00e5ret:<br \/>\nKrukstorlek andra \u00e5ret:<\/p>\n","protected":false},"featured_media":452,"comment_status":"open","ping_status":"closed","template":"","meta":[],"product_cat":[20,21,29,30],"product_tag":[],"_links":{"self":[{"href":"https:\/\/chili.rbit.se\/index.php\/wp-json\/wp\/v2\/product\/451"}],"collection":[{"href":"https:\/\/chili.rbit.se\/index.php\/wp-json\/wp\/v2\/product"}],"about":[{"href":"https:\/\/chili.rbit.se\/index.php\/wp-json\/wp\/v2\/types\/product"}],"replies":[{"embeddable":true,"href":"https:\/\/chili.rbit.se\/index.php\/wp-json\/wp\/v2\/comments?post=451"}],"wp:featuredmedia":[{"embeddable":true,"href":"https:\/\/chili.rbit.se\/index.php\/wp-json\/wp\/v2\/media\/452"}],"wp:attachment":[{"href":"https:\/\/chili.rbit.se\/index.php\/wp-json\/wp\/v2\/media?parent=451"}],"wp:term":[{"taxonomy":"product_cat","embeddable":true,"href":"https:\/\/chili.rbit.se\/index.php\/wp-json\/wp\/v2\/product_cat?post=451"},{"taxonomy":"product_tag","embeddable":true,"href":"https:\/\/chili.rbit.se\/index.php\/wp-json\/wp\/v2\/product_tag?post=451"}],"curies":[{"name":"wp","href":"https:\/\/api.w.org\/{rel}","templated":true}]}}