{"id":441,"date":"2017-08-30T17:32:59","date_gmt":"2017-08-30T15:32:59","guid":{"rendered":"http:\/\/tergum.se\/chili\/?post_type=product&#038;p=441"},"modified":"2017-10-03T23:55:05","modified_gmt":"2017-10-03T21:55:05","slug":"aji-pineapple","status":"publish","type":"product","link":"https:\/\/chili.rbit.se\/index.php\/produkt\/aji-pineapple\/","title":{"rendered":"Aji Pineapple"},"content":{"rendered":"<p>Denna chili kommer ursprungligen fr\u00e5n Peru och p\u00e5minner mycket om Chilisorten Aji Lemon (Hot Lemon).<br \/>\nAji Pineapple har lite st\u00f6rre frukter med ett l\u00e4ngre skaft och har f\u00f6rutom ett friskt inslag av citrussmak \u00e4ven en antydan till ananasarom.<br \/>\nStyrkan \u00e4r relativt mild och ligger p\u00e5 mellan 10.000-30.000 Scoville.<\/p>\n<p>Plantorna blir stora och buskiga med ca 90 cm h\u00f6jd och producerar m\u00e4ngder med l\u00e5nga aromatiska frukter.<br \/>\nChilifrukten \u00e4r tunnv\u00e4ggig och l\u00e5ngsmal och kan bli 10-15 cm l\u00e5ng med en gr\u00f6n f\u00e4rg som \u00f6verg\u00e5r till klargul vid mognad.<\/p>\n<p><iframe loading=\"lazy\" width=\"980\" height=\"551\" src=\"https:\/\/www.youtube.com\/embed\/4StoiGkNYiY?feature=oembed\" frameborder=\"0\" allowfullscreen><\/iframe><\/p>\n","protected":false},"excerpt":{"rendered":"<p>Fr\u00f6n fr\u00e5n: Jenny Frid<br \/>\n\u00c5r: 2017<br \/>\nAnv\u00e4ndningsomr\u00e5de:<br \/>\nSl\u00e4kte: Capsicum baccatum<br \/>\nScoville: 10.000-30.000<br \/>\nStyrka: medelhet<br \/>\nH\u00f6jd: 90 cm<br \/>\nKrukstorlek f\u00f6rsta \u00e5ret:<br \/>\nKrukstorlek andra \u00e5ret:<\/p>\n","protected":false},"featured_media":443,"comment_status":"open","ping_status":"closed","template":"","meta":[],"product_cat":[20,23,29,31],"product_tag":[],"_links":{"self":[{"href":"https:\/\/chili.rbit.se\/index.php\/wp-json\/wp\/v2\/product\/441"}],"collection":[{"href":"https:\/\/chili.rbit.se\/index.php\/wp-json\/wp\/v2\/product"}],"about":[{"href":"https:\/\/chili.rbit.se\/index.php\/wp-json\/wp\/v2\/types\/product"}],"replies":[{"embeddable":true,"href":"https:\/\/chili.rbit.se\/index.php\/wp-json\/wp\/v2\/comments?post=441"}],"wp:featuredmedia":[{"embeddable":true,"href":"https:\/\/chili.rbit.se\/index.php\/wp-json\/wp\/v2\/media\/443"}],"wp:attachment":[{"href":"https:\/\/chili.rbit.se\/index.php\/wp-json\/wp\/v2\/media?parent=441"}],"wp:term":[{"taxonomy":"product_cat","embeddable":true,"href":"https:\/\/chili.rbit.se\/index.php\/wp-json\/wp\/v2\/product_cat?post=441"},{"taxonomy":"product_tag","embeddable":true,"href":"https:\/\/chili.rbit.se\/index.php\/wp-json\/wp\/v2\/product_tag?post=441"}],"curies":[{"name":"wp","href":"https:\/\/api.w.org\/{rel}","templated":true}]}}