{"id":322,"date":"2017-08-22T18:47:07","date_gmt":"2017-08-22T16:47:07","guid":{"rendered":"http:\/\/tergum.se\/chili\/?post_type=product&#038;p=322"},"modified":"2017-08-22T20:27:44","modified_gmt":"2017-08-22T18:27:44","slug":"specialsas","status":"publish","type":"product","link":"https:\/\/chili.rbit.se\/index.php\/produkt\/specialsas\/","title":{"rendered":"Specials\u00e5s"},"content":{"rendered":"<p>Hacka allt i lagom bitar, h\u00e4ll rubbet i en kastrull och r\u00f6r om ordentligt.<br \/>\nKoka upp och l\u00e5t puttra 1-2 min<br \/>\nH\u00e4ll \u00f6ver i l\u00e4mplig beh\u00e5llare och mixa det till en sl\u00e4t s\u00e5s. Jag anv\u00e4nder handmixer och jag rekommenderar andningsmask, varma chili\u00e5ngor \u00e4r ingen h\u00f6jdare att andas in. Anv\u00e4nd g\u00e4rna gummihandskar n\u00e4r du hanterar chilin ocks\u00e5.<\/p>\n<p>N\u00e4r det svalnat ordentligt h\u00e4ll \u00f6ver i l\u00e4mpliga glasflaskor.<br \/>\nGl\u00f6m inte att koka glasflaskorna f\u00f6rst!<\/p>\n<p>H\u00e5llbarhet: lite drygt ett \u00e5r<\/p>\n","protected":false},"excerpt":{"rendered":"<p>Chilfrukter efter smak<br \/>\n2 vitl\u00f6ksklyftor<br \/>\n4 charlottenl\u00f6kar<br \/>\n1 r\u00f6d paprika<br \/>\n1 r\u00f6tt \u00e4pple<br \/>\n1 mango<br \/>\n2 stora tomater(g\u00e4rna kvisttomater f\u00f6r b\u00e4ttre smak)<br \/>\n2 msk r\u00e5socker<br \/>\n1 msk salt<br \/>\n1 1\/2 dl vatten<br \/>\n1 1\/2 dl \u00e4ppelcidervin\u00e4ger<\/p>\n","protected":false},"featured_media":323,"comment_status":"open","ping_status":"closed","template":"","meta":[],"product_cat":[19,28],"product_tag":[],"_links":{"self":[{"href":"https:\/\/chili.rbit.se\/index.php\/wp-json\/wp\/v2\/product\/322"}],"collection":[{"href":"https:\/\/chili.rbit.se\/index.php\/wp-json\/wp\/v2\/product"}],"about":[{"href":"https:\/\/chili.rbit.se\/index.php\/wp-json\/wp\/v2\/types\/product"}],"replies":[{"embeddable":true,"href":"https:\/\/chili.rbit.se\/index.php\/wp-json\/wp\/v2\/comments?post=322"}],"wp:featuredmedia":[{"embeddable":true,"href":"https:\/\/chili.rbit.se\/index.php\/wp-json\/wp\/v2\/media\/323"}],"wp:attachment":[{"href":"https:\/\/chili.rbit.se\/index.php\/wp-json\/wp\/v2\/media?parent=322"}],"wp:term":[{"taxonomy":"product_cat","embeddable":true,"href":"https:\/\/chili.rbit.se\/index.php\/wp-json\/wp\/v2\/product_cat?post=322"},{"taxonomy":"product_tag","embeddable":true,"href":"https:\/\/chili.rbit.se\/index.php\/wp-json\/wp\/v2\/product_tag?post=322"}],"curies":[{"name":"wp","href":"https:\/\/api.w.org\/{rel}","templated":true}]}}