{"id":221,"date":"2017-08-13T17:21:30","date_gmt":"2017-08-13T15:21:30","guid":{"rendered":"http:\/\/tergum.se\/chili\/?post_type=product&#038;p=221"},"modified":"2017-10-03T23:58:01","modified_gmt":"2017-10-03T21:58:01","slug":"black-scorpion-tongue","status":"publish","type":"product","link":"https:\/\/chili.rbit.se\/index.php\/produkt\/black-scorpion-tongue\/","title":{"rendered":"Black scorpion tongue"},"content":{"rendered":"<p>Black Scorpion Tongue \u00e4r en otroligt vacker chiliplanta vars frukter har en  bred variation av f\u00e4rger fram till mognad.<br \/>\nPlantorna blir upp mot 120 cm h\u00f6ga och producerar stora m\u00e4ngder av f\u00e4rglada frukter.<br \/>\nBlad, stam, blommor och fruktstj\u00e4lkar har lila inslag.<br \/>\nChilins f\u00e4rg g\u00e5r fr\u00e5n gr\u00f6n, cremef\u00e4rgad, lila och purpursvart f\u00f6r att bli djupt r\u00f6d som helt mogen.<br \/>\n<span class=\"\" style=\"display:block;clear:both;height: 0px;padding-top: 40px;border-top-width:0px;border-bottom-width:0px;\"><\/span><br \/>\n<iframe loading=\"lazy\" width=\"980\" height=\"551\" src=\"https:\/\/www.youtube.com\/embed\/6bS66DGUPz0?feature=oembed\" frameborder=\"0\" allowfullscreen><\/iframe><\/p>\n","protected":false},"excerpt":{"rendered":"<p>Fr\u00f6n fr\u00e5n: E R<br \/>\n\u00c5r: 2017<br \/>\nAnv\u00e4ndningsomr\u00e5de:<br \/>\nSl\u00e4kte: Capsicum annuum<br \/>\nScoville: 30.000<br \/>\nStyrka: medelhet<br \/>\nH\u00f6jd: 120<br \/>\nKrukstorlek f\u00f6rsta \u00e5ret:<br \/>\nKrukstorlek andra \u00e5ret:<\/p>\n","protected":false},"featured_media":222,"comment_status":"open","ping_status":"closed","template":"","meta":[],"product_cat":[20,21,29,31],"product_tag":[],"_links":{"self":[{"href":"https:\/\/chili.rbit.se\/index.php\/wp-json\/wp\/v2\/product\/221"}],"collection":[{"href":"https:\/\/chili.rbit.se\/index.php\/wp-json\/wp\/v2\/product"}],"about":[{"href":"https:\/\/chili.rbit.se\/index.php\/wp-json\/wp\/v2\/types\/product"}],"replies":[{"embeddable":true,"href":"https:\/\/chili.rbit.se\/index.php\/wp-json\/wp\/v2\/comments?post=221"}],"wp:featuredmedia":[{"embeddable":true,"href":"https:\/\/chili.rbit.se\/index.php\/wp-json\/wp\/v2\/media\/222"}],"wp:attachment":[{"href":"https:\/\/chili.rbit.se\/index.php\/wp-json\/wp\/v2\/media?parent=221"}],"wp:term":[{"taxonomy":"product_cat","embeddable":true,"href":"https:\/\/chili.rbit.se\/index.php\/wp-json\/wp\/v2\/product_cat?post=221"},{"taxonomy":"product_tag","embeddable":true,"href":"https:\/\/chili.rbit.se\/index.php\/wp-json\/wp\/v2\/product_tag?post=221"}],"curies":[{"name":"wp","href":"https:\/\/api.w.org\/{rel}","templated":true}]}}