{"id":206,"date":"2017-08-13T16:52:46","date_gmt":"2017-08-13T14:52:46","guid":{"rendered":"http:\/\/tergum.se\/chili\/?post_type=product&#038;p=206"},"modified":"2017-08-20T00:07:28","modified_gmt":"2017-08-19T22:07:28","slug":"ett-annat-chilisas-recept","status":"publish","type":"product","link":"https:\/\/chili.rbit.se\/index.php\/produkt\/ett-annat-chilisas-recept\/","title":{"rendered":"Ett annat chilis\u00e5s recept"},"content":{"rendered":"<p>Sk\u00e4r gr\u00f6nsaker och frukt i mindre bitar och stek mjuka men inte bruna i oljan. Tills\u00e4tt resten av ingredienserna och l\u00e5t koka tills mjuka. Mixa med stavmixer till \u00f6nska konsistens. Koka l\u00e4ngre om den blir f\u00f6r l\u00f6s. Klar! <\/p>\n<p>receptet kommer fr\u00e5n en Facebook kommentar<\/p>\n","protected":false},"excerpt":{"rendered":"<p>3 Aji Pineapple (jag \u00e4r lite feg i styrkan)<br \/>\n1 vit spetspaprika, kan nog uteslutas<br \/>\n1\/2 R\u00f6dl\u00f6k<br \/>\n3 vitl\u00f6ksklyftor<br \/>\n11 platta persikor<br \/>\n2 mor\u00f6tter<br \/>\n1 msk olja<br \/>\n2 tsk himalayasalt<br \/>\n1,5 dl r\u00f6rsocker<br \/>\n1\/2 dl \u00e4ppelcidervin\u00e4ger<\/p>\n","protected":false},"featured_media":211,"comment_status":"open","ping_status":"closed","template":"","meta":[],"product_cat":[19,28],"product_tag":[],"_links":{"self":[{"href":"https:\/\/chili.rbit.se\/index.php\/wp-json\/wp\/v2\/product\/206"}],"collection":[{"href":"https:\/\/chili.rbit.se\/index.php\/wp-json\/wp\/v2\/product"}],"about":[{"href":"https:\/\/chili.rbit.se\/index.php\/wp-json\/wp\/v2\/types\/product"}],"replies":[{"embeddable":true,"href":"https:\/\/chili.rbit.se\/index.php\/wp-json\/wp\/v2\/comments?post=206"}],"wp:featuredmedia":[{"embeddable":true,"href":"https:\/\/chili.rbit.se\/index.php\/wp-json\/wp\/v2\/media\/211"}],"wp:attachment":[{"href":"https:\/\/chili.rbit.se\/index.php\/wp-json\/wp\/v2\/media?parent=206"}],"wp:term":[{"taxonomy":"product_cat","embeddable":true,"href":"https:\/\/chili.rbit.se\/index.php\/wp-json\/wp\/v2\/product_cat?post=206"},{"taxonomy":"product_tag","embeddable":true,"href":"https:\/\/chili.rbit.se\/index.php\/wp-json\/wp\/v2\/product_tag?post=206"}],"curies":[{"name":"wp","href":"https:\/\/api.w.org\/{rel}","templated":true}]}}