{"id":205,"date":"2017-08-13T16:52:02","date_gmt":"2017-08-13T14:52:02","guid":{"rendered":"http:\/\/tergum.se\/chili\/?post_type=product&#038;p=205"},"modified":"2024-05-22T09:34:08","modified_gmt":"2024-05-22T07:34:08","slug":"hot-sauce","status":"publish","type":"product","link":"https:\/\/chili.rbit.se\/index.php\/produkt\/hot-sauce\/","title":{"rendered":"Hot Sauce"},"content":{"rendered":"<p>G\u00f6r s\u00e5 h\u00e4r:<br \/>\nHacka l\u00f6k, vitl\u00f6k och mor\u00f6tter fint.<br \/>\nFr\u00e4s i lite olivolja i en kastrull i ca 5 min utan att dom f\u00e5r f\u00e4rg.<br \/>\nSl\u00e5 p\u00e5 vatten och l\u00e5t sjuda i ca 10 min tills gr\u00f6nsakerna \u00e4r mjuka.<br \/>\nUnder tiden skala och sk\u00e4r frukten i sm\u00e5 t\u00e4rningar<br \/>\nK\u00e4rna ut chilifrukterna.<br \/>\nTa av kastrullen fr\u00e5n plattan och l\u00e5t svalna lite.<br \/>\nBlanda i resten av ingredienserna och mixa till en sl\u00e4t s\u00e5s.<br \/>\nSl\u00e5 upp p\u00e5 flaskor och f\u00f6rvara i kylsk\u00e5p.<\/p>\n<p>receptet kommer fr\u00e5n http:\/\/medlemsrecept.bbqlovers.se\/bjorns-moruga-maniac-assrape-sauce\/<\/p>\n","protected":false},"excerpt":{"rendered":"<p>1\/2 gul l\u00f6k, finhackad<br \/>\n1 vitl\u00f6ksklyfta, hackad<br \/>\n2 mor\u00f6tter, finhackade<br \/>\n5 dl vatten<br \/>\n2 msk \u00e4ppelcidervin\u00e4ger<br \/>\n3 Trinidad Moruga Scorpions (eller annan riktigt het chili)<br \/>\n4 mogna persikor<br \/>\n3 kiwi<br \/>\n3 bl\u00e5a plommon<br \/>\n1\/2 tsk salt<br \/>\nolivolja<\/p>\n","protected":false},"featured_media":210,"comment_status":"open","ping_status":"closed","template":"","meta":[],"product_cat":[19,28],"product_tag":[],"_links":{"self":[{"href":"https:\/\/chili.rbit.se\/index.php\/wp-json\/wp\/v2\/product\/205"}],"collection":[{"href":"https:\/\/chili.rbit.se\/index.php\/wp-json\/wp\/v2\/product"}],"about":[{"href":"https:\/\/chili.rbit.se\/index.php\/wp-json\/wp\/v2\/types\/product"}],"replies":[{"embeddable":true,"href":"https:\/\/chili.rbit.se\/index.php\/wp-json\/wp\/v2\/comments?post=205"}],"wp:featuredmedia":[{"embeddable":true,"href":"https:\/\/chili.rbit.se\/index.php\/wp-json\/wp\/v2\/media\/210"}],"wp:attachment":[{"href":"https:\/\/chili.rbit.se\/index.php\/wp-json\/wp\/v2\/media?parent=205"}],"wp:term":[{"taxonomy":"product_cat","embeddable":true,"href":"https:\/\/chili.rbit.se\/index.php\/wp-json\/wp\/v2\/product_cat?post=205"},{"taxonomy":"product_tag","embeddable":true,"href":"https:\/\/chili.rbit.se\/index.php\/wp-json\/wp\/v2\/product_tag?post=205"}],"curies":[{"name":"wp","href":"https:\/\/api.w.org\/{rel}","templated":true}]}}