{"id":153,"date":"2017-08-10T00:14:28","date_gmt":"2017-08-09T22:14:28","guid":{"rendered":"http:\/\/tergum.se\/chili\/?post_type=product&#038;p=153"},"modified":"2017-10-06T17:41:14","modified_gmt":"2017-10-06T15:41:14","slug":"rocoto-orange","status":"publish","type":"product","link":"https:\/\/chili.rbit.se\/index.php\/produkt\/rocoto-orange\/","title":{"rendered":"Rocoto orange"},"content":{"rendered":"<p>Rocoto Orange \u00e4r en mycket ovanlig chilisort som v\u00e4xer uppe i Anderna i Peru.<br \/>\nEn mycket het frukt som har svarta fr\u00f6er.<br \/>\nDenna chili \u00e4r en av f\u00e5 som t\u00e5l lite mer kyla \u00e4n \u00f6vriga sorter. Den \u00e4r \u00e4ppelformad.<br \/>\nRocoto tar oftast lite l\u00e4ngre tid att gro \u00e4n andra chilisorter.<br \/>\nDen kan bli upp till 15 \u00e5r gammal och har en styrka p\u00e5 ca 250.000 Scoville s\u00e5 den r\u00e4knas som mycket het.<\/p>\n<p>Probably the most famous of the Pubescens species, its history lies in the Andes region of Peru where it is also known as &#8217;Manzano&#8217;, meaning apple due the shape of the fruit. It is also called Locoto in Bolivia, Chilli Peron, Chilli Caballo and Chilli Ciruelo. The most distinguishing feature of these peppers are their black seeds. The peppers themselves are very pungent, approx 2in long and 1 1\/2in wide and resemble miniture bell peppers and this variety matures in colour from green to orange. Rocotos can be a slow to germinate, so be sure to keep the soil temperature above 24 celsius, although once mature these plants are very resistant to low temperatures. Rocotos are at their best when eaten fresh and should be left on the plant until needed.<\/p>\n","protected":false},"excerpt":{"rendered":"<p>Fr\u00f6n fr\u00e5n: A P \u00c5storp<br \/>\n\u00c5r:2017<br \/>\nAnv\u00e4ndningsomr\u00e5de: Chilis\u00e5s med mango<br \/>\nSl\u00e4kte: Capsicum pubescens<br \/>\nScoville: 250.000<br \/>\nStyrka: Mycket het<br \/>\nH\u00f6jd: 60-100<br \/>\nKrukstorlek f\u00f6rsta \u00e5ret: 3 gallon ca 11 liter<br \/>\nKrukstorlek andra \u00e5ret:<\/p>\n","protected":false},"featured_media":154,"comment_status":"open","ping_status":"closed","template":"","meta":[],"product_cat":[20,22,29,32],"product_tag":[],"_links":{"self":[{"href":"https:\/\/chili.rbit.se\/index.php\/wp-json\/wp\/v2\/product\/153"}],"collection":[{"href":"https:\/\/chili.rbit.se\/index.php\/wp-json\/wp\/v2\/product"}],"about":[{"href":"https:\/\/chili.rbit.se\/index.php\/wp-json\/wp\/v2\/types\/product"}],"replies":[{"embeddable":true,"href":"https:\/\/chili.rbit.se\/index.php\/wp-json\/wp\/v2\/comments?post=153"}],"wp:featuredmedia":[{"embeddable":true,"href":"https:\/\/chili.rbit.se\/index.php\/wp-json\/wp\/v2\/media\/154"}],"wp:attachment":[{"href":"https:\/\/chili.rbit.se\/index.php\/wp-json\/wp\/v2\/media?parent=153"}],"wp:term":[{"taxonomy":"product_cat","embeddable":true,"href":"https:\/\/chili.rbit.se\/index.php\/wp-json\/wp\/v2\/product_cat?post=153"},{"taxonomy":"product_tag","embeddable":true,"href":"https:\/\/chili.rbit.se\/index.php\/wp-json\/wp\/v2\/product_tag?post=153"}],"curies":[{"name":"wp","href":"https:\/\/api.w.org\/{rel}","templated":true}]}}