{"id":119,"date":"2017-08-09T22:14:06","date_gmt":"2017-08-09T20:14:06","guid":{"rendered":"http:\/\/tergum.se\/chili\/?post_type=product&#038;p=119"},"modified":"2021-05-11T22:53:09","modified_gmt":"2021-05-11T20:53:09","slug":"fermenterad-chilisas","status":"publish","type":"product","link":"https:\/\/chili.rbit.se\/index.php\/produkt\/fermenterad-chilisas\/","title":{"rendered":"Fermenterad chilis\u00e5s"},"content":{"rendered":"","protected":false},"excerpt":{"rendered":"<p>2 msk havssalt jodfritt 2 % blandning<br \/>\n1 msk vassle<br \/>\n1 liter kokt vatten<\/p>\n<p>Se till s\u00e5 frukten ligger under ytan, anv\u00e4nd en tyngd, alternativt ett j\u00e4sr\u00f6r.<br \/>\nL\u00e5t st\u00e5 minst 2 veckor.<br \/>\nL\u00e4gg \u00f6ver frukten till en kastrull, sp\u00e4d med vattnet som \u00e4r i burken,<br \/>\nmixa sl\u00e4tt. Koka upp och tills\u00e4tt vin\u00e4ger.<\/p>\n[printfriendly]\n","protected":false},"featured_media":120,"comment_status":"open","ping_status":"closed","template":"","meta":[],"product_cat":[19,28],"product_tag":[],"_links":{"self":[{"href":"https:\/\/chili.rbit.se\/index.php\/wp-json\/wp\/v2\/product\/119"}],"collection":[{"href":"https:\/\/chili.rbit.se\/index.php\/wp-json\/wp\/v2\/product"}],"about":[{"href":"https:\/\/chili.rbit.se\/index.php\/wp-json\/wp\/v2\/types\/product"}],"replies":[{"embeddable":true,"href":"https:\/\/chili.rbit.se\/index.php\/wp-json\/wp\/v2\/comments?post=119"}],"wp:featuredmedia":[{"embeddable":true,"href":"https:\/\/chili.rbit.se\/index.php\/wp-json\/wp\/v2\/media\/120"}],"wp:attachment":[{"href":"https:\/\/chili.rbit.se\/index.php\/wp-json\/wp\/v2\/media?parent=119"}],"wp:term":[{"taxonomy":"product_cat","embeddable":true,"href":"https:\/\/chili.rbit.se\/index.php\/wp-json\/wp\/v2\/product_cat?post=119"},{"taxonomy":"product_tag","embeddable":true,"href":"https:\/\/chili.rbit.se\/index.php\/wp-json\/wp\/v2\/product_tag?post=119"}],"curies":[{"name":"wp","href":"https:\/\/api.w.org\/{rel}","templated":true}]}}