{"id":369,"date":"2017-08-23T21:59:56","date_gmt":"2017-08-23T19:59:56","guid":{"rendered":"http:\/\/tergum.se\/chili\/?page_id=369"},"modified":"2017-08-23T22:09:32","modified_gmt":"2017-08-23T20:09:32","slug":"dryckeskompisar","status":"publish","type":"page","link":"https:\/\/chili.rbit.se\/index.php\/dryckeskompisar\/","title":{"rendered":"Dryckeskompisar"},"content":{"rendered":"<div id=\"pl-369\"  class=\"panel-layout\" ><div id=\"pg-369-0\"  class=\"panel-grid panel-no-style\" ><div id=\"pgc-369-0-0\"  class=\"panel-grid-cell panel-grid-cell-empty\" ><\/div><\/div><div id=\"pg-369-1\"  class=\"panel-grid panel-no-style\" ><div id=\"pgc-369-1-0\"  class=\"panel-grid-cell\" ><div id=\"panel-369-1-0-0\" class=\"so-panel widget widget_sow-editor panel-first-child panel-last-child\" data-index=\"0\" ><div class=\"so-widget-sow-editor so-widget-sow-editor-base\">\n<div class=\"siteorigin-widget-tinymce textwidget\">\n\t<span class=\"\" style=\"display:block;clear:both;height: 0px;padding-top: 20px;border-top-width:0px;border-bottom-width:0px;\"><\/span>\n<p>Vad dricker man till chilikryddade matr\u00e4tter? Traditionellt s\u00e4tt s\u00e5 dricker man ett ljust mexikanskt \u00f6l med en limeklyfta i flaskhalsen. Men en lagom besk ale, porter och lager passar ocks\u00e5 bra.<\/p>\n<p>Om man f\u00f6redrar vin \u00e4r kryddiga, b\u00e4riga Rh\u00f4neviner fr\u00e5n Frankrike eller Zinfandel fr\u00e5n Kalifornien utm\u00e4rkta val. V\u00e4l kylda Alsace-viner med fruktig s\u00f6tma och till och med en Chardonnay matchar ocks\u00e5 hettan fr\u00e5n chili och ger en full\u00e4ndad smakupplevelse. F\u00f6r att inte tala om ett glas mousserande ros\u00e9.<\/p>\n<\/div>\n<\/div><\/div><\/div><div id=\"pgc-369-1-1\"  class=\"panel-grid-cell\" ><div id=\"panel-369-1-1-0\" class=\"so-panel widget widget_media_image panel-first-child panel-last-child\" data-index=\"1\" ><img width=\"252\" height=\"378\" src=\"https:\/\/chili.rbit.se\/wp-content\/uploads\/2017\/08\/zinfandel.jpg\" class=\"image wp-image-383  attachment-full size-full\" alt=\"\" loading=\"lazy\" style=\"max-width: 100%; height: auto;\" \/><\/div><\/div><\/div><\/div>","protected":false},"excerpt":{"rendered":"<p>Vad dricker man till chilikryddade matr\u00e4tter? Traditionellt s\u00e4tt s\u00e5 dricker man ett ljust mexikanskt \u00f6l med en limeklyfta i flaskhalsen. Men en lagom besk ale, porter och lager passar ocks\u00e5 bra. Om man f\u00f6redrar vin \u00e4r kryddiga, b\u00e4riga Rh\u00f4neviner fr\u00e5n Frankrike eller Zinfandel fr\u00e5n Kalifornien utm\u00e4rkta val. V\u00e4l kylda Alsace-viner med fruktig s\u00f6tma och till [&hellip;]<\/p>\n","protected":false},"author":1,"featured_media":0,"parent":0,"menu_order":0,"comment_status":"closed","ping_status":"closed","template":"","meta":[],"_links":{"self":[{"href":"https:\/\/chili.rbit.se\/index.php\/wp-json\/wp\/v2\/pages\/369"}],"collection":[{"href":"https:\/\/chili.rbit.se\/index.php\/wp-json\/wp\/v2\/pages"}],"about":[{"href":"https:\/\/chili.rbit.se\/index.php\/wp-json\/wp\/v2\/types\/page"}],"author":[{"embeddable":true,"href":"https:\/\/chili.rbit.se\/index.php\/wp-json\/wp\/v2\/users\/1"}],"replies":[{"embeddable":true,"href":"https:\/\/chili.rbit.se\/index.php\/wp-json\/wp\/v2\/comments?post=369"}],"version-history":[{"count":11,"href":"https:\/\/chili.rbit.se\/index.php\/wp-json\/wp\/v2\/pages\/369\/revisions"}],"predecessor-version":[{"id":387,"href":"https:\/\/chili.rbit.se\/index.php\/wp-json\/wp\/v2\/pages\/369\/revisions\/387"}],"wp:attachment":[{"href":"https:\/\/chili.rbit.se\/index.php\/wp-json\/wp\/v2\/media?parent=369"}],"curies":[{"name":"wp","href":"https:\/\/api.w.org\/{rel}","templated":true}]}}