{"id":133,"date":"2017-08-09T23:41:53","date_gmt":"2017-08-09T21:41:53","guid":{"rendered":"http:\/\/tergum.se\/chili\/?page_id=133"},"modified":"2017-10-19T22:28:38","modified_gmt":"2017-10-19T20:28:38","slug":"fakta-om-bladloss","status":"publish","type":"page","link":"https:\/\/chili.rbit.se\/index.php\/odling\/fakta-om-bladloss\/","title":{"rendered":"Fakta om bladl\u00f6ss"},"content":{"rendered":"<div id=\"pl-133\"  class=\"panel-layout\" ><div id=\"pg-133-0\"  class=\"panel-grid panel-no-style\" ><div id=\"pgc-133-0-0\"  class=\"panel-grid-cell\" ><div id=\"panel-133-0-0-0\" class=\"so-panel widget widget_sow-editor panel-first-child\" data-index=\"0\" ><div class=\"so-widget-sow-editor so-widget-sow-editor-base\">\n<div class=\"siteorigin-widget-tinymce textwidget\">\n\t<p>Bladl\u00f6ssen f\u00f6redrar unga v\u00e4xtdelar. Sitter i t\u00e4ta kolonier i<br \/> skottspetsar och p\u00e5 de yngre bladens undersida och suger v\u00e4xtsaft<br \/> som g\u00f6r att plantorna h\u00e4mmas i tillv\u00e4xten. Bladl\u00f6ssen uts\u00f6ndrar<br \/> en sockerhaltig v\u00e4tska, honungsdagg, som t\u00e4cker v\u00e4xtdelar och<br \/> f\u00f6nsterkarmar med ett klibbigt skikt. Efterhand som bladl\u00f6ssen<br \/> v\u00e4xer \u00f6msar de skinn och dessa tomma skinn faller ner p\u00e5 bladen.<br \/> Man ser det som vita, tomma skal som ligger p\u00e5 bladen och i<br \/> f\u00f6nsterkarmen. G\u00e5r angreppet riktigt l\u00e5ngt utan att \u00e5tg\u00e4rdas kan<br \/> det b\u00f6rja v\u00e4xa en svamp, sotdaggssvamp, i honungsdaggen.<br \/> Sotdaggssvampen hindrar solljuset att n\u00e5 bladen och detta f\u00e5r till f\u00f6ljd att tillv\u00e4xten hos plantan minskar. Tillslut kan<br \/> angripna v\u00e4xtdelar vissna och d\u00f6.<br \/> Bladl\u00f6ssen kan \u00e4ven sprida virussjukdomar mellan v\u00e4xter.<br \/> Det finns m\u00e5nga bladlusarter men gemensamt f\u00f6r alla \u00e4r att de har stickande och<br \/> sugande mundelar som g\u00f6r h\u00e5l i blad och andra v\u00e4xtdelar. Vissa bladlusarter har<br \/> enzymer i saliven som deformerar blad och unga skottdelar n\u00e4r de \u00e4r d\u00e4r och suger<br \/> v\u00e4xtsaft. Bladen blir d\u00e5 hoprullade eller krusiga och det kan ocks\u00e5 bildas<br \/> gallbildningar, upph\u00f6jningar, p\u00e5 bladen.<br \/> Bladl\u00f6ssen \u00e4r ca 1-4 mm l\u00e5nga och f\u00e4rgen varierar fr\u00e5n art till art. Det finns bl.a.<br \/> gr\u00f6na, gulgr\u00f6na, svarta och bruna bladl\u00f6ss.\u00a0<br \/> De flesta bladl\u00f6ssen \u00e4r vingl\u00f6sa men n\u00e4r det f\u00f6rekommer vingar \u00e4r de genomskinliga och framvingarna \u00e4r st\u00f6rre \u00e4n<br \/> bakvingarna. De som har vingar f\u00f6rflyttar sig mellan olika v\u00e4xter och kan p\u00e5 s\u00e5 s\u00e4tt starta ett nytt angrepp och bygga<br \/> upp en ny koloni.<br \/> En anledning till att bladl\u00f6ssen snabbt bildar stora populationer \u00e4r att det ofta f\u00f6rekommer fortplantning utan<br \/> befruktning, s\u00e5 kallad jungfruf\u00f6dsel. Honorna f\u00f6der identiska avkommer av sig sj\u00e4lva och vid temperaturer kring 20<br \/> grader \u00e4r avkomman redo f\u00f6r en ny generation redan efter en vecka. Detta inneb\u00e4r att en hona kan leverera mellan 50<br \/> till 100 d\u00f6ttrar p\u00e5 3 veckor. En bladlus lever i ca 4 veckor.<br \/> P\u00e5 h\u00f6sten f\u00f6ds b\u00e5de hanar och honor som parar sig och de befruktade \u00e4ggen \u00f6vervintrar. Tidigt p\u00e5 v\u00e5ren kl\u00e4cks \u00e4ggen<br \/> och ett nytt angrepp kan ta sin b\u00f6rjan.<br \/> Bek\u00e4mpning Flera rovdjur s\u00e5som nyckelpigor, b\u00e5de fullbildade och larver, samt larver av blomflugor,<br \/> stinksl\u00e4ndor och parasitsteklar livn\u00e4r sig p\u00e5 bladl\u00f6ss.<br \/> Det finns parasitsteklar som \u00e4r specialiserade p\u00e5 bladl\u00f6ss. Parasitstekelns hona sticker in sitt \u00e4ggl\u00e4ggningsr\u00f6r i<br \/> bladlusens kropp och l\u00e4gger ett \u00e4gg. Larven som kl\u00e4cks \u00e4ter sedan upp lusen inifr\u00e5n. Parasiterade bladl\u00f6ss svullnar<br \/> upp, kroppen \u00e4ndrar f\u00e4rg och h\u00e5rdnar, en s.k. mumie har bildats. N\u00e4r stekeln \u00e4r fullbildad g\u00f6r den ett h\u00e5l i mumien<br \/> och kryper ut. Nyttodjur kan k\u00f6pas p\u00e5 n\u00e4tet och skickas hem med post. De \u00e4r effektiva n\u00e4r de \u00e4ter upp bladl\u00f6ssen.<br \/> Man kan \u00e4ven bek\u00e4mpa l\u00f6ssen mekaniskt genom att kl\u00e4mma ihj\u00e4l dem eller spola bort dem med vatten under h\u00f6gt<br \/> tryck. Klipp eventuellt bort kraftigt angripna skott. Vanlig s\u00e5pl\u00f6sning (0,5 dl s\u00e5pa och 1 liter vatten) har effekt mot<br \/> bladl\u00f6ss liksom flera v\u00e4xtv\u00e5rdsmedel. Det \u00e4r viktigt att alla l\u00f6ssen tr\u00e4ffas av l\u00f6sningen.<br \/> Pyretrumpreparat n\u00e4r l\u00f6ssen suger av v\u00e4xtsaften f\u00e5r de i sig giftet och d\u00f6r.<br \/> Har v\u00e4xten drabbats av sotdaggssvamp som en f\u00f6ljd av bladlusangreppet m\u00e5ste v\u00e4xtens blad tv\u00e4ttas rena s\u00e5 att<br \/> solljuset \u00e5ter kan komma v\u00e4xten tillgodo<\/p>\n<p>Foto havenyt.dk<\/p>\n<\/div>\n<\/div><\/div><div id=\"panel-133-0-0-1\" class=\"so-panel widget widget_media_image\" data-index=\"1\" ><img width=\"277\" height=\"179\" src=\"https:\/\/chili.rbit.se\/wp-content\/uploads\/2017\/08\/bladloss-1.png\" class=\"image wp-image-137  attachment-full size-full\" alt=\"\" loading=\"lazy\" style=\"max-width: 100%; height: auto;\" \/><\/div><div id=\"panel-133-0-0-2\" class=\"so-panel widget widget_media_image panel-last-child\" data-index=\"2\" ><img width=\"180\" height=\"134\" src=\"https:\/\/chili.rbit.se\/wp-content\/uploads\/2017\/08\/bladloss-2.png\" class=\"image wp-image-138  attachment-full size-full\" alt=\"\" loading=\"lazy\" style=\"max-width: 100%; height: auto;\" \/><\/div><\/div><\/div><\/div>","protected":false},"excerpt":{"rendered":"<p>Bladl\u00f6ssen f\u00f6redrar unga v\u00e4xtdelar. Sitter i t\u00e4ta kolonier i skottspetsar och p\u00e5 de yngre bladens undersida och suger v\u00e4xtsaft som g\u00f6r att plantorna h\u00e4mmas i tillv\u00e4xten. Bladl\u00f6ssen uts\u00f6ndrar en sockerhaltig v\u00e4tska, honungsdagg, som t\u00e4cker v\u00e4xtdelar och f\u00f6nsterkarmar med ett klibbigt skikt. Efterhand som bladl\u00f6ssen v\u00e4xer \u00f6msar de skinn och dessa tomma skinn faller ner p\u00e5 [&hellip;]<\/p>\n","protected":false},"author":1,"featured_media":0,"parent":76,"menu_order":0,"comment_status":"closed","ping_status":"closed","template":"","meta":[],"_links":{"self":[{"href":"https:\/\/chili.rbit.se\/index.php\/wp-json\/wp\/v2\/pages\/133"}],"collection":[{"href":"https:\/\/chili.rbit.se\/index.php\/wp-json\/wp\/v2\/pages"}],"about":[{"href":"https:\/\/chili.rbit.se\/index.php\/wp-json\/wp\/v2\/types\/page"}],"author":[{"embeddable":true,"href":"https:\/\/chili.rbit.se\/index.php\/wp-json\/wp\/v2\/users\/1"}],"replies":[{"embeddable":true,"href":"https:\/\/chili.rbit.se\/index.php\/wp-json\/wp\/v2\/comments?post=133"}],"version-history":[{"count":9,"href":"https:\/\/chili.rbit.se\/index.php\/wp-json\/wp\/v2\/pages\/133\/revisions"}],"predecessor-version":[{"id":673,"href":"https:\/\/chili.rbit.se\/index.php\/wp-json\/wp\/v2\/pages\/133\/revisions\/673"}],"up":[{"embeddable":true,"href":"https:\/\/chili.rbit.se\/index.php\/wp-json\/wp\/v2\/pages\/76"}],"wp:attachment":[{"href":"https:\/\/chili.rbit.se\/index.php\/wp-json\/wp\/v2\/media?parent=133"}],"curies":[{"name":"wp","href":"https:\/\/api.w.org\/{rel}","templated":true}]}}