{"id":13,"date":"2017-08-09T00:24:51","date_gmt":"2017-08-08T22:24:51","guid":{"rendered":"http:\/\/tergum.se\/chili\/?page_id=13"},"modified":"2020-10-03T12:30:20","modified_gmt":"2020-10-03T10:30:20","slug":"om","status":"publish","type":"page","link":"https:\/\/chili.rbit.se\/index.php\/om\/","title":{"rendered":"Om"},"content":{"rendered":"<div id=\"pl-13\"  class=\"panel-layout\" ><div id=\"pg-13-0\"  class=\"panel-grid panel-no-style\" ><div id=\"pgc-13-0-0\"  class=\"panel-grid-cell\" ><div id=\"panel-13-0-0-0\" class=\"so-panel widget widget_sow-editor panel-first-child panel-last-child\" data-index=\"0\" ><div class=\"so-widget-sow-editor so-widget-sow-editor-base\">\n<div class=\"siteorigin-widget-tinymce textwidget\">\n\t<p style=\"text-align: left;\">Denna sida \u00e4r enbart till f\u00f6r mitt eget d\u00e5liga minne och \u00e4r ingen butik som s\u00e4ljer n\u00e5got.<\/p>\n<p>jag ville ha mina chilisorter\/fr\u00f6er\/s\u00e5ser\/grill\/r\u00f6ktips m.m samlade p\u00e5 ett st\u00e4lle s\u00e5 jag vet vad jag har och vad jag ska g\u00f6ra med dem.<\/p>\n<p>Titta g\u00e4rna runt om h\u00e4r finns n\u00e5got av intresse, Ingen tid har lagts p\u00e5 design utan det \u00e4r funktion som g\u00e4ller.<\/p>\n<p>rogerborgstrom@yahoo.se Detta \u00e4r INGEN butik, jag s\u00e4ljer INGA fr\u00f6er.<\/p>\n<\/div>\n<\/div><\/div><\/div><\/div><\/div>","protected":false},"excerpt":{"rendered":"<p>Denna sida \u00e4r enbart till f\u00f6r mitt eget d\u00e5liga minne och \u00e4r ingen butik som s\u00e4ljer n\u00e5got. jag ville ha mina chilisorter\/fr\u00f6er\/s\u00e5ser\/grill\/r\u00f6ktips m.m samlade p\u00e5 ett st\u00e4lle s\u00e5 jag vet vad jag har och vad jag ska g\u00f6ra med dem. Titta g\u00e4rna runt om h\u00e4r finns n\u00e5got av intresse, Ingen tid har lagts p\u00e5 design [&hellip;]<\/p>\n","protected":false},"author":1,"featured_media":0,"parent":0,"menu_order":0,"comment_status":"closed","ping_status":"closed","template":"template-fullwidth.php","meta":[],"_links":{"self":[{"href":"https:\/\/chili.rbit.se\/index.php\/wp-json\/wp\/v2\/pages\/13"}],"collection":[{"href":"https:\/\/chili.rbit.se\/index.php\/wp-json\/wp\/v2\/pages"}],"about":[{"href":"https:\/\/chili.rbit.se\/index.php\/wp-json\/wp\/v2\/types\/page"}],"author":[{"embeddable":true,"href":"https:\/\/chili.rbit.se\/index.php\/wp-json\/wp\/v2\/users\/1"}],"replies":[{"embeddable":true,"href":"https:\/\/chili.rbit.se\/index.php\/wp-json\/wp\/v2\/comments?post=13"}],"version-history":[{"count":58,"href":"https:\/\/chili.rbit.se\/index.php\/wp-json\/wp\/v2\/pages\/13\/revisions"}],"predecessor-version":[{"id":825,"href":"https:\/\/chili.rbit.se\/index.php\/wp-json\/wp\/v2\/pages\/13\/revisions\/825"}],"wp:attachment":[{"href":"https:\/\/chili.rbit.se\/index.php\/wp-json\/wp\/v2\/media?parent=13"}],"curies":[{"name":"wp","href":"https:\/\/api.w.org\/{rel}","templated":true}]}}